{"id":593,"date":"2014-12-18T04:58:35","date_gmt":"2014-12-18T04:58:35","guid":{"rendered":"http:\/\/www.avmbianco.com.br\/site\/?page_id=593"},"modified":"2025-03-14T09:41:00","modified_gmt":"2025-03-14T12:41:00","slug":"contatos","status":"publish","type":"page","link":"https:\/\/www.avmbianco.com.br\/site\/contatos\/","title":{"rendered":"Contatos"},"content":{"rendered":"<p>&nbsp;<\/p>\n<p style=\"text-align: center;\"><strong>AVM T. BIANCHO ARMARINHOS EIRELI<\/strong><\/p>\n<p style=\"text-align: center;\">Endere\u00e7o: Rua J\u00falio Concei\u00e7\u00e3o, 293<\/p>\n<p style=\"text-align: center;\">CNPJ: 28.499.502\/0001-28<\/p>\n<p style=\"text-align: center;\"><strong>TELEFONES PARA CONTATO:<br \/>\n<\/strong><\/p>\n<p style=\"text-align: center;\">Fone\/Fax.: (11) 3361-8557<\/p>\n<p style=\"text-align: center;\">PABX: (11) 3222-5151<span id=\"transmark\"><\/span><\/p>\n<p style=\"text-align: center;\">Whats APP: (11) 99217-4959<\/p>\n<p style=\"text-align: center;\">Whats APP: (11) 99419-2266<\/p>\n<p>&nbsp;<\/p>\n","protected":false},"excerpt":{"rendered":"<p>&nbsp; AVM T. BIANCHO ARMARINHOS EIRELI Endere\u00e7o: Rua J\u00falio Concei\u00e7\u00e3o, 293 CNPJ: 28.499.502\/0001-28 TELEFONES PARA CONTATO: Fone\/Fax.: (11) 3361-8557 PABX: (11) 3222-5151 Whats APP: (11) 99217-4959 [&hellip;]<\/p>\n","protected":false},"author":1,"featured_media":0,"parent":0,"menu_order":0,"comment_status":"closed","ping_status":"closed","template":"","meta":{"footnotes":""},"class_list":["post-593","page","type-page","status-publish","hentry"],"_links":{"self":[{"href":"https:\/\/www.avmbianco.com.br\/site\/wp-json\/wp\/v2\/pages\/593","targetHints":{"allow":["GET"]}}],"collection":[{"href":"https:\/\/www.avmbianco.com.br\/site\/wp-json\/wp\/v2\/pages"}],"about":[{"href":"https:\/\/www.avmbianco.com.br\/site\/wp-json\/wp\/v2\/types\/page"}],"author":[{"embeddable":true,"href":"https:\/\/www.avmbianco.com.br\/site\/wp-json\/wp\/v2\/users\/1"}],"replies":[{"embeddable":true,"href":"https:\/\/www.avmbianco.com.br\/site\/wp-json\/wp\/v2\/comments?post=593"}],"version-history":[{"count":50,"href":"https:\/\/www.avmbianco.com.br\/site\/wp-json\/wp\/v2\/pages\/593\/revisions"}],"predecessor-version":[{"id":16279,"href":"https:\/\/www.avmbianco.com.br\/site\/wp-json\/wp\/v2\/pages\/593\/revisions\/16279"}],"wp:attachment":[{"href":"https:\/\/www.avmbianco.com.br\/site\/wp-json\/wp\/v2\/media?parent=593"}],"curies":[{"name":"wp","href":"https:\/\/api.w.org\/{rel}","templated":true}]}}