{"id":621,"date":"2014-12-19T23:29:03","date_gmt":"2014-12-19T23:29:03","guid":{"rendered":"http:\/\/www.avmbianco.com.br\/site\/?page_id=621"},"modified":"2024-07-12T16:59:14","modified_gmt":"2024-07-12T19:59:14","slug":"a-empresa","status":"publish","type":"page","link":"https:\/\/www.avmbianco.com.br\/site\/a-empresa\/","title":{"rendered":"Sobre N\u00f3s"},"content":{"rendered":"<p>&nbsp;<\/p>\n<p class=\"western\">A Avm Bianco Aviamentos, com 15 anos de experi\u00eancia, tem o prazer em t\u00ea-lo como amigo e cliente: Para que possamos deixar mais estreitas nossas negocia\u00e7\u00f5es, segue abaixo rela\u00e7\u00e3o de alguns produtos com os quais trabalhamos.<\/p>\n<ul>\n<li class=\"western\">Agulhas de m\u00e1quinas industriais Orange &#8211; Singer.<\/li>\n<li class=\"western\">Alfinetes, colchetes de press\u00e3o e gancho Coats, Yara Importado.<\/li>\n<li class=\"western\">Acess\u00f3rios de cortinas (var\u00e3o, ilh\u00f3s e abra\u00e7adeiras).<\/li>\n<li class=\"western\">Barbatana em rolo silicone, metal para corselete, palhetas, flatch em a\u00e7o.<\/li>\n<li class=\"western\">Barbatanas de pl\u00e1stico e de a\u00e7o.<\/li>\n<li class=\"western\">Bojos Conformatec, Estrela.<\/li>\n<li class=\"western\">Bordados Hoepcke, Aquarela e Importados AVM Bianco.<\/li>\n<li class=\"western\">Bot\u00f5es de ferro, lat\u00e3o e zamak &#8211; bot\u00f5es para forrar com ilh\u00f3s cardenas, fixo, flex\u00edvel, press\u00e3o e casear, (emborrachados).<\/li>\n<li class=\"western\">Bot\u00f5es de massa Corozita, Madre p\u00e9rola e outros.<\/li>\n<li class=\"western\">Bot\u00f5es de massa tamanhos grande Jall, KR.<\/li>\n<li class=\"western\">Bot\u00f5es resinados v\u00e1rias cores.<\/li>\n<li class=\"western\">Cadar\u00e7os de algod\u00e3o e misto.<\/li>\n<li class=\"western\">Cadar\u00e7os de poli\u00e9ster tipo fita adidas &#8211; com v\u00e1rias medidas, de 0,5mm a 60mm.<\/li>\n<li class=\"western\">Cadar\u00e7os ponteirados p\/ sapatos e t\u00eanis.<\/li>\n<li class=\"western\">Cadar\u00e7os refor\u00e7ados p\/ cintos e bolsas.<\/li>\n<li class=\"western\">Colas p\/ tecidos, industriais, Brascoplast.<\/li>\n<li class=\"western\">Colas Bond, cola pedraria, silicones e bast\u00e3o.<\/li>\n<li class=\"western\">Colchetes de press\u00e3o ferro e lat\u00e3o, v\u00e1rios banhos, n\u00b0 80 ao 30.<\/li>\n<li class=\"western\">Componentes met\u00e1licos &#8211; correntes alum\u00ednio \/ ferro &#8211; ouro, n\u00edquel, prata, cores.<\/li>\n<li class=\"western\">Cord\u00e3o encerado de algod\u00e3o, poli\u00e9ster e poliamida &#8211; cord\u00f5es tran\u00e7ados, cord\u00f5es ponteirado.<\/li>\n<li class=\"western\">Desenvolvemos o seu aviamento, forramos bot\u00f5es, cortamos z\u00edperes.<\/li>\n<li class=\"western\">Distribu\u00edmos com exclusividade produtos Aquarela.<\/li>\n<li class=\"western\">E outros produtos (sob cota\u00e7\u00e3o).<\/li>\n<li class=\"western\">El\u00e1stico e rolete &#8211; Tekla, Zanotti e Hak.<\/li>\n<li class=\"western\">El\u00e1sticos para cintos at\u00e9 150mm &#8211; Zanotti, Tekla, Estrela, S\u00e3o Jos\u00e9, Hak e etc..<\/li>\n<li class=\"western\">El\u00e1sticos para tingir, 100% poliamida.<\/li>\n<li class=\"western\">Enfeites met\u00e1licos e com strass e resinados.<\/li>\n<li class=\"western\">Entretelas, Ciabrafe, Educal, Fiorella, Freudemberg &#8211; picardie, ombreiras, tnt.<\/li>\n<li class=\"western\">Etiquetas de composi\u00e7\u00e3o &#8211; Paulimaq &#8211; NT, LNT, TYVEC e outras.<\/li>\n<li class=\"western\">Etiquetadora, etiquetas pico.<\/li>\n<li class=\"western\">Etiquetas de numera\u00e7\u00e3o e tamanhos &#8211; bordadas, estampadas e papel colante.<\/li>\n<li class=\"western\">Facas de corte 6 &#8211; 8 &#8211; 10 polegadas, lixas e correias.<\/li>\n<li class=\"western\">Fardos a kg para embalagens.<\/li>\n<li class=\"western\">Franjas de seda de 5mm a 50cm.<\/li>\n<li class=\"western\">Fecho em tecido de poli\u00e9ster Terlizzi, feches amamenta\u00e7\u00e3o, tudo para lingerie.<\/li>\n<li class=\"western\">Fio de overloque, ouro \/ prata.<\/li>\n<li class=\"western\">Fita de cetim &#8211; Gitex, Aquarela, Najar, Arco-\u00cdris, Ph fit.<\/li>\n<li class=\"western\">Fita de silicone Estrela e importado &#8211; pacote 1kg = 1.000m &#8211; R$ 270,00.<\/li>\n<li class=\"western\">Fitas refletivas &#8211; uso profissional 15mm, 25mm e 50mm.<\/li>\n<li class=\"western\">Franjas de 5cm a 60cm &#8211; fio Rayon.<\/li>\n<li class=\"western\">Furador de tecido, carretilha, abridor de casas, pe\u00e7as p\/ m\u00e1quina de costura, fita magn\u00e9tica, puxador de bot\u00f5es.<\/li>\n<li class=\"western\">Gorgur\u00e3o e fita de veludo, organza &#8211; Fardos A.K.G. para embalar.<\/li>\n<li class=\"western\">Ilhoses com arruelas e garras, com strass.<\/li>\n<li class=\"western\">L\u00e1pis, giz e, p\u00f3 e refil &#8211; Giz \u00e1guia.<\/li>\n<li class=\"western\">Lastex Zanotti, S\u00e3o Jos\u00e9 e furtado.<\/li>\n<li class=\"western\">Linhas &#8211; Strech, Lurex ouro \/ prata.<\/li>\n<li class=\"western\">M\u00e1quinas para cortar tecido &#8211; Mini m\u00e1quinas de costura.<\/li>\n<li class=\"western\">Matrizes e furador, m\u00e1quinas para aplica\u00e7\u00e3o de componentes met\u00e1licos.<\/li>\n<li class=\"western\">Meias argolas de ferro e lat\u00e3o &#8211; fivelas forradas &#8211; argolas de 7mm a 40mm.<\/li>\n<li class=\"western\">Miudezas em geral, presentes, tudo para confec\u00e7\u00e3o.<\/li>\n<li class=\"western\">\u00d3leo para m\u00e1quinas (gal\u00f5es de 5 litros), silicone l\u00edquido e tira manchas.<\/li>\n<li class=\"western\">Paet\u00eas &#8211; golas e aplica\u00e7\u00f5es.<\/li>\n<li class=\"western\">Ponteiras e reguladores de nylon, pl\u00e1stico e alum\u00ednio.<\/li>\n<li class=\"western\">Pistolas pra cola quente.<\/li>\n<li class=\"western\">Rabo de Rato &#8211; Estrela, Tekla, Importado, Aquarela.<\/li>\n<li class=\"western\">Rebites Eberle, Dalmac, outros e linha infantil.<\/li>\n<li class=\"western\">R\u00e9guas &#8211; Kit para costura &#8211; Metros &#8211; Trenas.<\/li>\n<li class=\"western\">Regulador de argolas Terlizzi, pl\u00e1stica e metal.<\/li>\n<li class=\"western\">Reguladores, feche amamenta\u00e7\u00e3o, tudo para lingerie, arcos de bojo, feches.<\/li>\n<li class=\"western\">Rendas Para\u00edba, Tules, FB, Ipiranga, Hak, Fil\u00f3, Aquarela e outros.<\/li>\n<li class=\"western\">Soutache, Sianinhas, Ponto Palito e Passamanaria.<\/li>\n<li class=\"western\">Streche &#8211; el\u00e1stico com veludo &#8211; fita veludo.<\/li>\n<li class=\"western\">Termocolante strass, tecidos bordados infantil e aplics.<\/li>\n<li class=\"western\">Tesouras de arremate importadas.<\/li>\n<li class=\"western\">Tesouras Mundial e importadas.<\/li>\n<li class=\"western\">Tintas, tintas para tecido, corantes &#8211; TNT rolos de 50 m v\u00e1rias cores.<\/li>\n<li class=\"western\">Velcro importados Hoop Loop, velcro adesivos, Aquarela de 16mm a 150mm.<\/li>\n<li class=\"western\">Vi\u00e9s de algod\u00e3o aberto Ciabrafe.<\/li>\n<li class=\"western\">Vi\u00e9s de algod\u00e3o aberto e fechado Peripan, Fitex, vi\u00e9s estampado.<\/li>\n<li class=\"western\">Vi\u00e9s de cetim Fitex, Cinderela.<\/li>\n<li class=\"western\">Vivo Hacco, Cordex, Alian\u00e7a, Linetex e outros.<\/li>\n<li class=\"western\">Vivo couro sint\u00e9tico.<\/li>\n<li class=\"western\">Ziperes importados, todos e a metro: Metal, vislon, strass, nylon, alum\u00ednio, lurex &#8211; grosso, m\u00e9dio e fino, fixo e destac\u00e1vel, ziper strass. Fazemos tamanhos especiais, temos diversos cursores.<\/li>\n<li class=\"western\">Banho em metais &#8211; ouro, n\u00edquel, onix e O.V.<\/li>\n<li class=\"western\">Tinturaria e tingimento pr\u00f3prio.<\/li>\n<\/ul>\n<p class=\"western\">Desenvolvemos seu aviamento.<\/p>\n","protected":false},"excerpt":{"rendered":"<p>&nbsp; A Avm Bianco Aviamentos, com 15 anos de experi\u00eancia, tem o prazer em t\u00ea-lo como amigo e cliente: Para que possamos deixar mais estreitas nossas [&hellip;]<\/p>\n","protected":false},"author":1,"featured_media":0,"parent":0,"menu_order":0,"comment_status":"open","ping_status":"closed","template":"","meta":{"footnotes":""},"class_list":["post-621","page","type-page","status-publish","hentry"],"_links":{"self":[{"href":"https:\/\/www.avmbianco.com.br\/site\/wp-json\/wp\/v2\/pages\/621","targetHints":{"allow":["GET"]}}],"collection":[{"href":"https:\/\/www.avmbianco.com.br\/site\/wp-json\/wp\/v2\/pages"}],"about":[{"href":"https:\/\/www.avmbianco.com.br\/site\/wp-json\/wp\/v2\/types\/page"}],"author":[{"embeddable":true,"href":"https:\/\/www.avmbianco.com.br\/site\/wp-json\/wp\/v2\/users\/1"}],"replies":[{"embeddable":true,"href":"https:\/\/www.avmbianco.com.br\/site\/wp-json\/wp\/v2\/comments?post=621"}],"version-history":[{"count":38,"href":"https:\/\/www.avmbianco.com.br\/site\/wp-json\/wp\/v2\/pages\/621\/revisions"}],"predecessor-version":[{"id":15965,"href":"https:\/\/www.avmbianco.com.br\/site\/wp-json\/wp\/v2\/pages\/621\/revisions\/15965"}],"wp:attachment":[{"href":"https:\/\/www.avmbianco.com.br\/site\/wp-json\/wp\/v2\/media?parent=621"}],"curies":[{"name":"wp","href":"https:\/\/api.w.org\/{rel}","templated":true}]}}