{"id":10041,"date":"2019-07-23T12:00:01","date_gmt":"2019-07-23T15:00:01","guid":{"rendered":"https:\/\/www.avmbianco.com.br\/site\/?post_type=product&#038;p=10041"},"modified":"2025-05-12T11:43:51","modified_gmt":"2025-05-12T14:43:51","slug":"lacinho-para-lingerie-3001","status":"publish","type":"product","link":"https:\/\/www.avmbianco.com.br\/site\/produto\/lacinho-para-lingerie-3001\/","title":{"rendered":"Lacinho Para Lingerie 3001"},"content":{"rendered":"","protected":false},"excerpt":{"rendered":"<p>Lindos lacinhos, com diversas cores e modelos. Utilizados em tecidos sint\u00e9ticos, roupas esportivas, bonecas, luvas, toalhas de mesa, coberturas de cadeiras, camas ou travesseiros, cobertores e artesanatos em geral.<\/p>\n<p>Cont\u00e9m: 100 Unidades e a Largura da fita:05mm e no total 20 de comp. por 24 de larg.<\/p>\n<p>Composi\u00e7\u00e3o: 100% poli\u00e9ster<\/p>\n<p style=\"text-align: center;\"><strong>**Consulte Cores Dispon\u00edveis**<\/strong><\/p>\n","protected":false},"featured_media":10042,"comment_status":"open","ping_status":"closed","template":"","meta":[],"product_brand":[],"product_cat":[940],"product_tag":[],"class_list":{"0":"post-10041","1":"product","2":"type-product","3":"status-publish","4":"has-post-thumbnail","6":"product_cat-lacinho-de-cetim","8":"first","9":"instock","10":"taxable","11":"shipping-taxable","12":"purchasable","13":"product-type-variable"},"_links":{"self":[{"href":"https:\/\/www.avmbianco.com.br\/site\/wp-json\/wp\/v2\/product\/10041","targetHints":{"allow":["GET"]}}],"collection":[{"href":"https:\/\/www.avmbianco.com.br\/site\/wp-json\/wp\/v2\/product"}],"about":[{"href":"https:\/\/www.avmbianco.com.br\/site\/wp-json\/wp\/v2\/types\/product"}],"replies":[{"embeddable":true,"href":"https:\/\/www.avmbianco.com.br\/site\/wp-json\/wp\/v2\/comments?post=10041"}],"wp:featuredmedia":[{"embeddable":true,"href":"https:\/\/www.avmbianco.com.br\/site\/wp-json\/wp\/v2\/media\/10042"}],"wp:attachment":[{"href":"https:\/\/www.avmbianco.com.br\/site\/wp-json\/wp\/v2\/media?parent=10041"}],"wp:term":[{"taxonomy":"product_brand","embeddable":true,"href":"https:\/\/www.avmbianco.com.br\/site\/wp-json\/wp\/v2\/product_brand?post=10041"},{"taxonomy":"product_cat","embeddable":true,"href":"https:\/\/www.avmbianco.com.br\/site\/wp-json\/wp\/v2\/product_cat?post=10041"},{"taxonomy":"product_tag","embeddable":true,"href":"https:\/\/www.avmbianco.com.br\/site\/wp-json\/wp\/v2\/product_tag?post=10041"}],"curies":[{"name":"wp","href":"https:\/\/api.w.org\/{rel}","templated":true}]}}