{"id":10067,"date":"2019-07-23T15:16:43","date_gmt":"2019-07-23T18:16:43","guid":{"rendered":"https:\/\/www.avmbianco.com.br\/site\/?post_type=product&#038;p=10067"},"modified":"2025-05-12T11:27:07","modified_gmt":"2025-05-12T14:27:07","slug":"lacinho-com-rococo-grande-1006","status":"publish","type":"product","link":"https:\/\/www.avmbianco.com.br\/site\/produto\/lacinho-com-rococo-grande-1006\/","title":{"rendered":"Lacinho Com Rococ\u00f3 Grande 1006"},"content":{"rendered":"","protected":false},"excerpt":{"rendered":"<p>Lacinhos com rococ\u00f3, com diversas cores e modelos. Utilizados em tecidos sint\u00e9ticos, roupas esportivas, bonecas, luvas, toalhas de mesa e artesanatos em geral. Cont\u00e9m: 50 unidades Di\u00e2metro do Rococ\u00f3: 2cm Comprimento do la\u00e7o: 2cm<\/p>\n<p>Composi\u00e7\u00e3o: 100% poli\u00e9ster<\/p>\n<p style=\"text-align: center;\"><strong>**Consulte Cores Dispon\u00edveis**\u00a0<\/strong><\/p>\n<p>&nbsp;<\/p>\n<p>&nbsp;<\/p>\n","protected":false},"featured_media":10069,"comment_status":"open","ping_status":"closed","template":"","meta":[],"product_brand":[],"product_cat":[940],"product_tag":[],"class_list":{"0":"post-10067","1":"product","2":"type-product","3":"status-publish","4":"has-post-thumbnail","6":"product_cat-lacinho-de-cetim","8":"first","9":"instock","10":"taxable","11":"shipping-taxable","12":"purchasable","13":"product-type-variable"},"_links":{"self":[{"href":"https:\/\/www.avmbianco.com.br\/site\/wp-json\/wp\/v2\/product\/10067","targetHints":{"allow":["GET"]}}],"collection":[{"href":"https:\/\/www.avmbianco.com.br\/site\/wp-json\/wp\/v2\/product"}],"about":[{"href":"https:\/\/www.avmbianco.com.br\/site\/wp-json\/wp\/v2\/types\/product"}],"replies":[{"embeddable":true,"href":"https:\/\/www.avmbianco.com.br\/site\/wp-json\/wp\/v2\/comments?post=10067"}],"wp:featuredmedia":[{"embeddable":true,"href":"https:\/\/www.avmbianco.com.br\/site\/wp-json\/wp\/v2\/media\/10069"}],"wp:attachment":[{"href":"https:\/\/www.avmbianco.com.br\/site\/wp-json\/wp\/v2\/media?parent=10067"}],"wp:term":[{"taxonomy":"product_brand","embeddable":true,"href":"https:\/\/www.avmbianco.com.br\/site\/wp-json\/wp\/v2\/product_brand?post=10067"},{"taxonomy":"product_cat","embeddable":true,"href":"https:\/\/www.avmbianco.com.br\/site\/wp-json\/wp\/v2\/product_cat?post=10067"},{"taxonomy":"product_tag","embeddable":true,"href":"https:\/\/www.avmbianco.com.br\/site\/wp-json\/wp\/v2\/product_tag?post=10067"}],"curies":[{"name":"wp","href":"https:\/\/api.w.org\/{rel}","templated":true}]}}