{"id":10074,"date":"2019-07-23T15:49:34","date_gmt":"2019-07-23T18:49:34","guid":{"rendered":"https:\/\/www.avmbianco.com.br\/site\/?post_type=product&#038;p=10074"},"modified":"2025-05-12T11:20:20","modified_gmt":"2025-05-12T14:20:20","slug":"rococo-de-cetim","status":"publish","type":"product","link":"https:\/\/www.avmbianco.com.br\/site\/produto\/rococo-de-cetim\/","title":{"rendered":"Rococ\u00f3 De Cetim"},"content":{"rendered":"","protected":false},"excerpt":{"rendered":"<p>Lindos rococ\u00f3s, com diversas cores e modelos. Utilizados em tecidos sint\u00e9ticos, roupas esportivas, bonecas, luvas, toalhas de mesa, coberturas de cadeiras, camas ou travesseiros, cobertores e artesanatos em geral.<\/p>\n<p>Cont\u00e9m: 50 Unidades<\/p>\n<p>Di\u00e2metro: 2cm e 1cm<\/p>\n<p>C\u00f3digo 1002 \u00e9 a grande<\/p>\n<p>C\u00f3digo 1001 \u00e9 a pequena<\/p>\n<p>Composi\u00e7\u00e3o: 100% poli\u00e9ster<\/p>\n","protected":false},"featured_media":10075,"comment_status":"open","ping_status":"closed","template":"","meta":[],"product_brand":[],"product_cat":[952],"product_tag":[],"class_list":{"0":"post-10074","1":"product","2":"type-product","3":"status-publish","4":"has-post-thumbnail","6":"product_cat-rococo","8":"first","9":"instock","10":"taxable","11":"shipping-taxable","12":"purchasable","13":"product-type-variable"},"_links":{"self":[{"href":"https:\/\/www.avmbianco.com.br\/site\/wp-json\/wp\/v2\/product\/10074","targetHints":{"allow":["GET"]}}],"collection":[{"href":"https:\/\/www.avmbianco.com.br\/site\/wp-json\/wp\/v2\/product"}],"about":[{"href":"https:\/\/www.avmbianco.com.br\/site\/wp-json\/wp\/v2\/types\/product"}],"replies":[{"embeddable":true,"href":"https:\/\/www.avmbianco.com.br\/site\/wp-json\/wp\/v2\/comments?post=10074"}],"wp:featuredmedia":[{"embeddable":true,"href":"https:\/\/www.avmbianco.com.br\/site\/wp-json\/wp\/v2\/media\/10075"}],"wp:attachment":[{"href":"https:\/\/www.avmbianco.com.br\/site\/wp-json\/wp\/v2\/media?parent=10074"}],"wp:term":[{"taxonomy":"product_brand","embeddable":true,"href":"https:\/\/www.avmbianco.com.br\/site\/wp-json\/wp\/v2\/product_brand?post=10074"},{"taxonomy":"product_cat","embeddable":true,"href":"https:\/\/www.avmbianco.com.br\/site\/wp-json\/wp\/v2\/product_cat?post=10074"},{"taxonomy":"product_tag","embeddable":true,"href":"https:\/\/www.avmbianco.com.br\/site\/wp-json\/wp\/v2\/product_tag?post=10074"}],"curies":[{"name":"wp","href":"https:\/\/api.w.org\/{rel}","templated":true}]}}