{"id":10083,"date":"2019-07-23T16:32:42","date_gmt":"2019-07-23T19:32:42","guid":{"rendered":"https:\/\/www.avmbianco.com.br\/site\/?post_type=product&#038;p=10083"},"modified":"2025-05-12T11:17:45","modified_gmt":"2025-05-12T14:17:45","slug":"laco-de-cetim-poa","status":"publish","type":"product","link":"https:\/\/www.avmbianco.com.br\/site\/produto\/laco-de-cetim-poa\/","title":{"rendered":"La\u00e7o de Cetim Po\u00e1"},"content":{"rendered":"","protected":false},"excerpt":{"rendered":"<p>Ideal para roupas esportivas, bonecas, toalhas de mesa, coberturas de cadeiras, cobertores e artesanatos em geral.<\/p>\n<p>Lacinho de Cetim Po\u00e1 para Artesanato e Langerie<br \/>\nComposi\u00e7\u00e3o: 100% Poli\u00e9ster<\/p>\n<p>Temos 2 tamanhos<\/p>\n<p>35mm x 40mm c\u00f3digo 3015 c\/25p\u00e7<\/p>\n<p>20mm x 25mm c\u00f3digo 3008 c\/50p\u00e7<\/p>\n<p style=\"text-align: center;\"><strong>**Consulte Cores Dispon\u00edveis**<\/strong><\/p>\n","protected":false},"featured_media":10084,"comment_status":"open","ping_status":"closed","template":"","meta":[],"product_brand":[],"product_cat":[953],"product_tag":[],"class_list":{"0":"post-10083","1":"product","2":"type-product","3":"status-publish","4":"has-post-thumbnail","6":"product_cat-poa","8":"first","9":"outofstock","10":"taxable","11":"shipping-taxable","12":"purchasable","13":"product-type-variable"},"_links":{"self":[{"href":"https:\/\/www.avmbianco.com.br\/site\/wp-json\/wp\/v2\/product\/10083","targetHints":{"allow":["GET"]}}],"collection":[{"href":"https:\/\/www.avmbianco.com.br\/site\/wp-json\/wp\/v2\/product"}],"about":[{"href":"https:\/\/www.avmbianco.com.br\/site\/wp-json\/wp\/v2\/types\/product"}],"replies":[{"embeddable":true,"href":"https:\/\/www.avmbianco.com.br\/site\/wp-json\/wp\/v2\/comments?post=10083"}],"wp:featuredmedia":[{"embeddable":true,"href":"https:\/\/www.avmbianco.com.br\/site\/wp-json\/wp\/v2\/media\/10084"}],"wp:attachment":[{"href":"https:\/\/www.avmbianco.com.br\/site\/wp-json\/wp\/v2\/media?parent=10083"}],"wp:term":[{"taxonomy":"product_brand","embeddable":true,"href":"https:\/\/www.avmbianco.com.br\/site\/wp-json\/wp\/v2\/product_brand?post=10083"},{"taxonomy":"product_cat","embeddable":true,"href":"https:\/\/www.avmbianco.com.br\/site\/wp-json\/wp\/v2\/product_cat?post=10083"},{"taxonomy":"product_tag","embeddable":true,"href":"https:\/\/www.avmbianco.com.br\/site\/wp-json\/wp\/v2\/product_tag?post=10083"}],"curies":[{"name":"wp","href":"https:\/\/api.w.org\/{rel}","templated":true}]}}