{"id":10122,"date":"2019-07-25T10:55:54","date_gmt":"2019-07-25T13:55:54","guid":{"rendered":"https:\/\/www.avmbianco.com.br\/site\/?post_type=product&#038;p=10122"},"modified":"2025-05-12T11:01:34","modified_gmt":"2025-05-12T14:01:34","slug":"laco-cetim-c-voal-e-rococo-cetim","status":"publish","type":"product","link":"https:\/\/www.avmbianco.com.br\/site\/produto\/laco-cetim-c-voal-e-rococo-cetim\/","title":{"rendered":"La\u00e7o Cetim c\/ Voal e Rococ\u00f3 Cetim Pink"},"content":{"rendered":"","protected":false},"excerpt":{"rendered":"<p>La\u00e7o (material): Voal com cetim e rococ\u00f3 de cetim<\/p>\n<p>Largura da fita: 15 mm<br \/>\nTamanho do la\u00e7o: 40 mm x 40 mm (Largura x Altura)\u00a0<strong><em>podem ocorrer altera\u00e7\u00e3o de tamanhos por serem produtos artesanais.<\/em><\/strong><\/p>\n<p>Pacote c\/ 10 unidades<\/p>\n<p>Lacinho para artesanato, decora\u00e7\u00e3o, acess\u00f3rios para cabelo, detalhes de lingerie e muito mais.\u00a0Escolha a cor e solte a criatividade!<\/p>\n<p style=\"text-align: center;\"><b>**Consulte Cor Dispon\u00edvel**<\/b><\/p>\n<p style=\"text-align: center;\"><strong>**Consulte Pre\u00e7o no Atacado**<\/strong><\/p>\n","protected":false},"featured_media":10153,"comment_status":"open","ping_status":"closed","template":"","meta":[],"product_brand":[],"product_cat":[23,940,952],"product_tag":[],"class_list":{"0":"post-10122","1":"product","2":"type-product","3":"status-publish","4":"has-post-thumbnail","6":"product_cat-acessorios","7":"product_cat-lacinho-de-cetim","8":"product_cat-rococo","10":"first","11":"instock","12":"taxable","13":"shipping-taxable","14":"purchasable","15":"product-type-simple"},"_links":{"self":[{"href":"https:\/\/www.avmbianco.com.br\/site\/wp-json\/wp\/v2\/product\/10122","targetHints":{"allow":["GET"]}}],"collection":[{"href":"https:\/\/www.avmbianco.com.br\/site\/wp-json\/wp\/v2\/product"}],"about":[{"href":"https:\/\/www.avmbianco.com.br\/site\/wp-json\/wp\/v2\/types\/product"}],"replies":[{"embeddable":true,"href":"https:\/\/www.avmbianco.com.br\/site\/wp-json\/wp\/v2\/comments?post=10122"}],"wp:featuredmedia":[{"embeddable":true,"href":"https:\/\/www.avmbianco.com.br\/site\/wp-json\/wp\/v2\/media\/10153"}],"wp:attachment":[{"href":"https:\/\/www.avmbianco.com.br\/site\/wp-json\/wp\/v2\/media?parent=10122"}],"wp:term":[{"taxonomy":"product_brand","embeddable":true,"href":"https:\/\/www.avmbianco.com.br\/site\/wp-json\/wp\/v2\/product_brand?post=10122"},{"taxonomy":"product_cat","embeddable":true,"href":"https:\/\/www.avmbianco.com.br\/site\/wp-json\/wp\/v2\/product_cat?post=10122"},{"taxonomy":"product_tag","embeddable":true,"href":"https:\/\/www.avmbianco.com.br\/site\/wp-json\/wp\/v2\/product_tag?post=10122"}],"curies":[{"name":"wp","href":"https:\/\/api.w.org\/{rel}","templated":true}]}}