{"id":10327,"date":"2019-07-30T16:39:02","date_gmt":"2019-07-30T19:39:02","guid":{"rendered":"https:\/\/www.avmbianco.com.br\/site\/?post_type=product&#038;p=10327"},"modified":"2025-05-13T11:19:28","modified_gmt":"2025-05-13T14:19:28","slug":"ponteira-mini-gitarra","status":"publish","type":"product","link":"https:\/\/www.avmbianco.com.br\/site\/produto\/ponteira-mini-gitarra\/","title":{"rendered":"Ponteira Mini  Gitarra"},"content":{"rendered":"","protected":false},"excerpt":{"rendered":"<div class=\"descResumida\">\n<p>Ponteira mini guitarra 100% poli\u00e9ster para cord\u00e3o ou el\u00e1stico.<\/p>\n<p>Tamanho aproximado: 2cm x 1,5cm (altxlarg).<\/p>\n<\/div>\n<div class=\"titulodescricao\">\n<p>Refer\u00eancia: 951<\/p>\n<p>Tamanho do furo: 4 mm<\/p>\n<p>Composi\u00e7\u00e3o: 100% poli\u00e9ster<\/p>\n<p>&nbsp;<\/p>\n<\/div>\n","protected":false},"featured_media":10293,"comment_status":"open","ping_status":"closed","template":"","meta":[],"product_brand":[],"product_cat":[993],"product_tag":[],"class_list":{"0":"post-10327","1":"product","2":"type-product","3":"status-publish","4":"has-post-thumbnail","6":"product_cat-ponteira-guitarra","8":"first","9":"instock","10":"taxable","11":"shipping-taxable","12":"purchasable","13":"product-type-variable"},"_links":{"self":[{"href":"https:\/\/www.avmbianco.com.br\/site\/wp-json\/wp\/v2\/product\/10327","targetHints":{"allow":["GET"]}}],"collection":[{"href":"https:\/\/www.avmbianco.com.br\/site\/wp-json\/wp\/v2\/product"}],"about":[{"href":"https:\/\/www.avmbianco.com.br\/site\/wp-json\/wp\/v2\/types\/product"}],"replies":[{"embeddable":true,"href":"https:\/\/www.avmbianco.com.br\/site\/wp-json\/wp\/v2\/comments?post=10327"}],"wp:featuredmedia":[{"embeddable":true,"href":"https:\/\/www.avmbianco.com.br\/site\/wp-json\/wp\/v2\/media\/10293"}],"wp:attachment":[{"href":"https:\/\/www.avmbianco.com.br\/site\/wp-json\/wp\/v2\/media?parent=10327"}],"wp:term":[{"taxonomy":"product_brand","embeddable":true,"href":"https:\/\/www.avmbianco.com.br\/site\/wp-json\/wp\/v2\/product_brand?post=10327"},{"taxonomy":"product_cat","embeddable":true,"href":"https:\/\/www.avmbianco.com.br\/site\/wp-json\/wp\/v2\/product_cat?post=10327"},{"taxonomy":"product_tag","embeddable":true,"href":"https:\/\/www.avmbianco.com.br\/site\/wp-json\/wp\/v2\/product_tag?post=10327"}],"curies":[{"name":"wp","href":"https:\/\/api.w.org\/{rel}","templated":true}]}}