{"id":10358,"date":"2019-07-31T11:49:03","date_gmt":"2019-07-31T14:49:03","guid":{"rendered":"https:\/\/www.avmbianco.com.br\/site\/?post_type=product&#038;p=10358"},"modified":"2025-05-13T10:26:21","modified_gmt":"2025-05-13T13:26:21","slug":"ponteira-bujao-tubular","status":"publish","type":"product","link":"https:\/\/www.avmbianco.com.br\/site\/produto\/ponteira-bujao-tubular\/","title":{"rendered":"Ponteira Buj\u00e3o Tubular"},"content":{"rendered":"","protected":false},"excerpt":{"rendered":"<p>Ponteira tulipa buj\u00e3o ideal para cadar\u00e7os,cord\u00e3o e confec\u00e7\u00e3o em geral.<\/p>\n<p>Material:ABS<\/p>\n<p>Tamanho:10 x 9\u00a0 Pacote com 100p\u00e7<\/p>\n<p style=\"text-align: center;\"><strong>**Consulte Cores Dispon\u00edveis**<\/strong><\/p>\n","protected":false},"featured_media":10360,"comment_status":"open","ping_status":"closed","template":"","meta":[],"product_brand":[],"product_cat":[995,268],"product_tag":[],"class_list":{"0":"post-10358","1":"product","2":"type-product","3":"status-publish","4":"has-post-thumbnail","6":"product_cat-ponteira","7":"product_cat-regulador","9":"first","10":"instock","11":"taxable","12":"shipping-taxable","13":"purchasable","14":"product-type-variable"},"_links":{"self":[{"href":"https:\/\/www.avmbianco.com.br\/site\/wp-json\/wp\/v2\/product\/10358","targetHints":{"allow":["GET"]}}],"collection":[{"href":"https:\/\/www.avmbianco.com.br\/site\/wp-json\/wp\/v2\/product"}],"about":[{"href":"https:\/\/www.avmbianco.com.br\/site\/wp-json\/wp\/v2\/types\/product"}],"replies":[{"embeddable":true,"href":"https:\/\/www.avmbianco.com.br\/site\/wp-json\/wp\/v2\/comments?post=10358"}],"wp:featuredmedia":[{"embeddable":true,"href":"https:\/\/www.avmbianco.com.br\/site\/wp-json\/wp\/v2\/media\/10360"}],"wp:attachment":[{"href":"https:\/\/www.avmbianco.com.br\/site\/wp-json\/wp\/v2\/media?parent=10358"}],"wp:term":[{"taxonomy":"product_brand","embeddable":true,"href":"https:\/\/www.avmbianco.com.br\/site\/wp-json\/wp\/v2\/product_brand?post=10358"},{"taxonomy":"product_cat","embeddable":true,"href":"https:\/\/www.avmbianco.com.br\/site\/wp-json\/wp\/v2\/product_cat?post=10358"},{"taxonomy":"product_tag","embeddable":true,"href":"https:\/\/www.avmbianco.com.br\/site\/wp-json\/wp\/v2\/product_tag?post=10358"}],"curies":[{"name":"wp","href":"https:\/\/api.w.org\/{rel}","templated":true}]}}