{"id":10430,"date":"2019-08-01T14:27:07","date_gmt":"2019-08-01T17:27:07","guid":{"rendered":"https:\/\/www.avmbianco.com.br\/site\/?post_type=product&#038;p=10430"},"modified":"2025-05-14T12:36:20","modified_gmt":"2025-05-14T15:36:20","slug":"feltro-adesivo-sortido","status":"publish","type":"product","link":"https:\/\/www.avmbianco.com.br\/site\/produto\/feltro-adesivo-sortido\/","title":{"rendered":"Feltro Protetor Adesivo Sortido"},"content":{"rendered":"<p>Modo de Usar:<br \/>\n1. Limpe bem a superf\u00edcie onde deseja aplicar o Feltro Protetor Adesivo, certificando-se de que o local esteja livre de poeira ou qualquer tipo de oleosidade.<\/p>\n<p>2. Retire o filme protetor da pe\u00e7a do feltro.<\/p>\n<p>3. Tome cuidado para n\u00e3o encostar seus dedos na \u00e1rea com adesivo.<\/p>\n<p>4. Aplique o feltro no local desejado, pressionando o feltro para uma boa fixa\u00e7\u00e3o.<\/p>\n","protected":false},"excerpt":{"rendered":"<p>O Feltro Protetor Adesivo Tekbond absorve o impacto de batidas ou quedas e previne problemas com riscos, protegendo objetos, pisos e diferentes superf\u00edcies com efici\u00eancia, de forma pr\u00e1tica e r\u00e1pida.<\/p>\n<p>Cont\u00e9m:40 Unidades<\/p>\n<p>20 Feltro redondo 20mm<\/p>\n<p>8 Feltro redondo 28mm<\/p>\n<p>12 Feltro quadrado 25x25mm<\/p>\n","protected":false},"featured_media":17442,"comment_status":"open","ping_status":"closed","template":"","meta":[],"product_brand":[],"product_cat":[23,998],"product_tag":[],"class_list":{"0":"post-10430","1":"product","2":"type-product","3":"status-publish","4":"has-post-thumbnail","6":"product_cat-acessorios","7":"product_cat-feltro-adesivo","9":"first","10":"instock","11":"taxable","12":"shipping-taxable","13":"purchasable","14":"product-type-simple"},"_links":{"self":[{"href":"https:\/\/www.avmbianco.com.br\/site\/wp-json\/wp\/v2\/product\/10430","targetHints":{"allow":["GET"]}}],"collection":[{"href":"https:\/\/www.avmbianco.com.br\/site\/wp-json\/wp\/v2\/product"}],"about":[{"href":"https:\/\/www.avmbianco.com.br\/site\/wp-json\/wp\/v2\/types\/product"}],"replies":[{"embeddable":true,"href":"https:\/\/www.avmbianco.com.br\/site\/wp-json\/wp\/v2\/comments?post=10430"}],"wp:featuredmedia":[{"embeddable":true,"href":"https:\/\/www.avmbianco.com.br\/site\/wp-json\/wp\/v2\/media\/17442"}],"wp:attachment":[{"href":"https:\/\/www.avmbianco.com.br\/site\/wp-json\/wp\/v2\/media?parent=10430"}],"wp:term":[{"taxonomy":"product_brand","embeddable":true,"href":"https:\/\/www.avmbianco.com.br\/site\/wp-json\/wp\/v2\/product_brand?post=10430"},{"taxonomy":"product_cat","embeddable":true,"href":"https:\/\/www.avmbianco.com.br\/site\/wp-json\/wp\/v2\/product_cat?post=10430"},{"taxonomy":"product_tag","embeddable":true,"href":"https:\/\/www.avmbianco.com.br\/site\/wp-json\/wp\/v2\/product_tag?post=10430"}],"curies":[{"name":"wp","href":"https:\/\/api.w.org\/{rel}","templated":true}]}}