{"id":10472,"date":"2019-08-02T10:02:43","date_gmt":"2019-08-02T13:02:43","guid":{"rendered":"https:\/\/www.avmbianco.com.br\/site\/?post_type=product&#038;p=10472"},"modified":"2025-05-14T10:19:40","modified_gmt":"2025-05-14T13:19:40","slug":"cadarco-com-listra-kf39615","status":"publish","type":"product","link":"https:\/\/www.avmbianco.com.br\/site\/produto\/cadarco-com-listra-kf39615\/","title":{"rendered":"Cadar\u00e7o Com Listra Marinho KF39615"},"content":{"rendered":"","protected":false},"excerpt":{"rendered":"<p>Cont\u00e9m 1 unidade<br \/>\nCores: Cadar\u00e7o (Cru) e listras (Marinho)<br \/>\nLargura: 10mm<br \/>\nComprimento: 25mts<br \/>\nComposi\u00e7\u00e3o: 97\u00a0% algod\u00e3o e 3 % Poli\u00e9ster<\/p>\n<p>Cadar\u00e7o Listrado de excelente qualidade e resist\u00eancia, utilizado em confec\u00e7\u00f5es, refor\u00e7o de costura, detalhes. Como, por exemplo, camisas p\u00f3lo, cobre gola\u00a0etc.<span style=\"font-family: Helvetica;\">\u00a0<\/span><\/p>\n<p style=\"text-align: center;\"><strong>**Desenvolvemos na sua cor**<\/strong><\/p>\n","protected":false},"featured_media":10449,"comment_status":"open","ping_status":"closed","template":"","meta":[],"product_brand":[],"product_cat":[310,594],"product_tag":[],"class_list":{"0":"post-10472","1":"product","2":"type-product","3":"status-publish","4":"has-post-thumbnail","6":"product_cat-cadarco","7":"product_cat-pespontado","9":"first","10":"instock","11":"taxable","12":"shipping-taxable","13":"purchasable","14":"product-type-simple"},"_links":{"self":[{"href":"https:\/\/www.avmbianco.com.br\/site\/wp-json\/wp\/v2\/product\/10472","targetHints":{"allow":["GET"]}}],"collection":[{"href":"https:\/\/www.avmbianco.com.br\/site\/wp-json\/wp\/v2\/product"}],"about":[{"href":"https:\/\/www.avmbianco.com.br\/site\/wp-json\/wp\/v2\/types\/product"}],"replies":[{"embeddable":true,"href":"https:\/\/www.avmbianco.com.br\/site\/wp-json\/wp\/v2\/comments?post=10472"}],"wp:featuredmedia":[{"embeddable":true,"href":"https:\/\/www.avmbianco.com.br\/site\/wp-json\/wp\/v2\/media\/10449"}],"wp:attachment":[{"href":"https:\/\/www.avmbianco.com.br\/site\/wp-json\/wp\/v2\/media?parent=10472"}],"wp:term":[{"taxonomy":"product_brand","embeddable":true,"href":"https:\/\/www.avmbianco.com.br\/site\/wp-json\/wp\/v2\/product_brand?post=10472"},{"taxonomy":"product_cat","embeddable":true,"href":"https:\/\/www.avmbianco.com.br\/site\/wp-json\/wp\/v2\/product_cat?post=10472"},{"taxonomy":"product_tag","embeddable":true,"href":"https:\/\/www.avmbianco.com.br\/site\/wp-json\/wp\/v2\/product_tag?post=10472"}],"curies":[{"name":"wp","href":"https:\/\/api.w.org\/{rel}","templated":true}]}}