{"id":10481,"date":"2019-08-02T11:23:18","date_gmt":"2019-08-02T14:23:18","guid":{"rendered":"https:\/\/www.avmbianco.com.br\/site\/?post_type=product&#038;p=10481"},"modified":"2025-05-14T10:00:46","modified_gmt":"2025-05-14T13:00:46","slug":"fita-poliester-tri-kf29913-10kf29913-25","status":"publish","type":"product","link":"https:\/\/www.avmbianco.com.br\/site\/produto\/fita-poliester-tri-kf29913-10kf29913-25\/","title":{"rendered":"Cadar\u00e7o Poli\u00e9ster Tri KF29913-10\/KF29913-25"},"content":{"rendered":"","protected":false},"excerpt":{"rendered":"<p>Cont\u00e9m 1 unidade<br \/>\nCores: Fita Vermelho Branco e Vermelho<br \/>\nLargura: 10mm e 25mm<br \/>\nComprimento: 25mts<br \/>\nComposi\u00e7\u00e3o: 100 % Poli\u00e9ster<\/p>\n<p>Fita poli\u00e9ster de excelente qualidade e resist\u00eancia, utilizado em confec\u00e7\u00f5es, refor\u00e7o de costura, detalhes. Como, por exemplo, bolsas,t\u00eanis,camisas e muito mais.<\/p>\n<p style=\"text-align: center;\"><strong>**Desenvolvemos na sua cor**<\/strong><\/p>\n","protected":false},"featured_media":10460,"comment_status":"open","ping_status":"closed","template":"","meta":[],"product_brand":[],"product_cat":[43],"product_tag":[],"class_list":{"0":"post-10481","1":"product","2":"type-product","3":"status-publish","4":"has-post-thumbnail","6":"product_cat-fitas","7":"pa_largura-10-mm","8":"pa_largura-25-mm","10":"first","11":"instock","12":"taxable","13":"shipping-taxable","14":"purchasable","15":"product-type-variable"},"_links":{"self":[{"href":"https:\/\/www.avmbianco.com.br\/site\/wp-json\/wp\/v2\/product\/10481","targetHints":{"allow":["GET"]}}],"collection":[{"href":"https:\/\/www.avmbianco.com.br\/site\/wp-json\/wp\/v2\/product"}],"about":[{"href":"https:\/\/www.avmbianco.com.br\/site\/wp-json\/wp\/v2\/types\/product"}],"replies":[{"embeddable":true,"href":"https:\/\/www.avmbianco.com.br\/site\/wp-json\/wp\/v2\/comments?post=10481"}],"wp:featuredmedia":[{"embeddable":true,"href":"https:\/\/www.avmbianco.com.br\/site\/wp-json\/wp\/v2\/media\/10460"}],"wp:attachment":[{"href":"https:\/\/www.avmbianco.com.br\/site\/wp-json\/wp\/v2\/media?parent=10481"}],"wp:term":[{"taxonomy":"product_brand","embeddable":true,"href":"https:\/\/www.avmbianco.com.br\/site\/wp-json\/wp\/v2\/product_brand?post=10481"},{"taxonomy":"product_cat","embeddable":true,"href":"https:\/\/www.avmbianco.com.br\/site\/wp-json\/wp\/v2\/product_cat?post=10481"},{"taxonomy":"product_tag","embeddable":true,"href":"https:\/\/www.avmbianco.com.br\/site\/wp-json\/wp\/v2\/product_tag?post=10481"}],"curies":[{"name":"wp","href":"https:\/\/api.w.org\/{rel}","templated":true}]}}