{"id":10494,"date":"2019-08-02T14:26:37","date_gmt":"2019-08-02T17:26:37","guid":{"rendered":"https:\/\/www.avmbianco.com.br\/site\/?post_type=product&#038;p=10494"},"modified":"2025-05-13T15:35:28","modified_gmt":"2025-05-13T18:35:28","slug":"fita-poliester-tri-cores","status":"publish","type":"product","link":"https:\/\/www.avmbianco.com.br\/site\/produto\/fita-poliester-tri-cores\/","title":{"rendered":"Cadar\u00e7o Poli\u00e9ster MW"},"content":{"rendered":"","protected":false},"excerpt":{"rendered":"<p>Cores: Branco\/Verde Agua\/Preto\/Verde Agua\/Branco<br \/>\nLargura: 10mm e 15mm<br \/>\nComprimento: 25mts<br \/>\nComposi\u00e7\u00e3o: 100 % Poli\u00e9ster<\/p>\n<p>Fita tri cor de excelente qualidade e resist\u00eancia, utilizado em confec\u00e7\u00f5es, refor\u00e7o de costura, detalhes. Como, por exemplo, camisas p\u00f3lo, cobre gola,bolsas,tenis e etc.<span style=\"font-family: Helvetica;\">\u00a0<\/span><\/p>\n<p style=\"text-align: center;\"><strong>**Desenvolvemos na sua cor**<\/strong><\/p>\n","protected":false},"featured_media":10455,"comment_status":"open","ping_status":"closed","template":"","meta":[],"product_brand":[],"product_cat":[43],"product_tag":[],"class_list":{"0":"post-10494","1":"product","2":"type-product","3":"status-publish","4":"has-post-thumbnail","6":"product_cat-fitas","7":"pa_largura-10-mm","8":"pa_largura-15-mm","10":"first","11":"instock","12":"taxable","13":"shipping-taxable","14":"purchasable","15":"product-type-variable"},"_links":{"self":[{"href":"https:\/\/www.avmbianco.com.br\/site\/wp-json\/wp\/v2\/product\/10494","targetHints":{"allow":["GET"]}}],"collection":[{"href":"https:\/\/www.avmbianco.com.br\/site\/wp-json\/wp\/v2\/product"}],"about":[{"href":"https:\/\/www.avmbianco.com.br\/site\/wp-json\/wp\/v2\/types\/product"}],"replies":[{"embeddable":true,"href":"https:\/\/www.avmbianco.com.br\/site\/wp-json\/wp\/v2\/comments?post=10494"}],"wp:featuredmedia":[{"embeddable":true,"href":"https:\/\/www.avmbianco.com.br\/site\/wp-json\/wp\/v2\/media\/10455"}],"wp:attachment":[{"href":"https:\/\/www.avmbianco.com.br\/site\/wp-json\/wp\/v2\/media?parent=10494"}],"wp:term":[{"taxonomy":"product_brand","embeddable":true,"href":"https:\/\/www.avmbianco.com.br\/site\/wp-json\/wp\/v2\/product_brand?post=10494"},{"taxonomy":"product_cat","embeddable":true,"href":"https:\/\/www.avmbianco.com.br\/site\/wp-json\/wp\/v2\/product_cat?post=10494"},{"taxonomy":"product_tag","embeddable":true,"href":"https:\/\/www.avmbianco.com.br\/site\/wp-json\/wp\/v2\/product_tag?post=10494"}],"curies":[{"name":"wp","href":"https:\/\/api.w.org\/{rel}","templated":true}]}}