{"id":10497,"date":"2019-08-02T14:44:15","date_gmt":"2019-08-02T17:44:15","guid":{"rendered":"https:\/\/www.avmbianco.com.br\/site\/?post_type=product&#038;p=10497"},"modified":"2025-05-13T15:29:24","modified_gmt":"2025-05-13T18:29:24","slug":"fita-setinha-10mm","status":"publish","type":"product","link":"https:\/\/www.avmbianco.com.br\/site\/produto\/fita-setinha-10mm\/","title":{"rendered":"Cadar\u00e7o Setinha KF42516-10mm"},"content":{"rendered":"","protected":false},"excerpt":{"rendered":"<p>Cores: Preto com setinhas branco<br \/>\nLargura: 10mm<br \/>\nComprimento: 25mts<br \/>\nComposi\u00e7\u00e3o: 100 % Poli\u00e9ster<\/p>\n<p>Fita setinha de excelente qualidade e resist\u00eancia, utilizado em confec\u00e7\u00f5es, refor\u00e7o de costura, detalhes. Como, por exemplo, camisas p\u00f3lo, cobre gola,bolsas,tenis e etc.<span style=\"font-family: Helvetica;\">\u00a0<\/span><\/p>\n<p style=\"text-align: center;\"><strong>**Desenvolvemos na sua cor**<\/strong><\/p>\n","protected":false},"featured_media":10456,"comment_status":"open","ping_status":"closed","template":"","meta":[],"product_brand":[],"product_cat":[43],"product_tag":[],"class_list":{"0":"post-10497","1":"product","2":"type-product","3":"status-publish","4":"has-post-thumbnail","6":"product_cat-fitas","8":"first","9":"instock","10":"taxable","11":"shipping-taxable","12":"purchasable","13":"product-type-simple"},"_links":{"self":[{"href":"https:\/\/www.avmbianco.com.br\/site\/wp-json\/wp\/v2\/product\/10497","targetHints":{"allow":["GET"]}}],"collection":[{"href":"https:\/\/www.avmbianco.com.br\/site\/wp-json\/wp\/v2\/product"}],"about":[{"href":"https:\/\/www.avmbianco.com.br\/site\/wp-json\/wp\/v2\/types\/product"}],"replies":[{"embeddable":true,"href":"https:\/\/www.avmbianco.com.br\/site\/wp-json\/wp\/v2\/comments?post=10497"}],"wp:featuredmedia":[{"embeddable":true,"href":"https:\/\/www.avmbianco.com.br\/site\/wp-json\/wp\/v2\/media\/10456"}],"wp:attachment":[{"href":"https:\/\/www.avmbianco.com.br\/site\/wp-json\/wp\/v2\/media?parent=10497"}],"wp:term":[{"taxonomy":"product_brand","embeddable":true,"href":"https:\/\/www.avmbianco.com.br\/site\/wp-json\/wp\/v2\/product_brand?post=10497"},{"taxonomy":"product_cat","embeddable":true,"href":"https:\/\/www.avmbianco.com.br\/site\/wp-json\/wp\/v2\/product_cat?post=10497"},{"taxonomy":"product_tag","embeddable":true,"href":"https:\/\/www.avmbianco.com.br\/site\/wp-json\/wp\/v2\/product_tag?post=10497"}],"curies":[{"name":"wp","href":"https:\/\/api.w.org\/{rel}","templated":true}]}}