{"id":10533,"date":"2019-08-05T11:20:05","date_gmt":"2019-08-05T14:20:05","guid":{"rendered":"https:\/\/www.avmbianco.com.br\/site\/?post_type=product&#038;p=10533"},"modified":"2026-02-06T14:41:57","modified_gmt":"2026-02-06T17:41:57","slug":"fita-adidas-20mm","status":"publish","type":"product","link":"https:\/\/www.avmbianco.com.br\/site\/produto\/fita-adidas-20mm\/","title":{"rendered":"Cadar\u00e7o Gorgur\u00e3o KF29913"},"content":{"rendered":"","protected":false},"excerpt":{"rendered":"<p>Cores: Varias<br \/>\nLargura: 20mm<br \/>\nComprimento:25mts<br \/>\nComposi\u00e7\u00e3o: 100 % Poli\u00e9ster<\/p>\n<p>Fita adidas poli\u00e9ster de excelente qualidade e resist\u00eancia, utilizado em confec\u00e7\u00f5es, refor\u00e7o de costura, detalhes. Como, por exemplo, camisas p\u00f3lo, cobre gola,bolsas,tenis e etc.<span style=\"font-family: Helvetica;\">\u00a0<\/span><\/p>\n<p><strong>OBS:Produto sob encomenda acima de 1000mt mediante sinal de 50%.<\/strong><\/p>\n<p style=\"text-align: center;\"><strong>**Desenvolvemos na sua cor**<\/strong><\/p>\n","protected":false},"featured_media":10511,"comment_status":"open","ping_status":"closed","template":"","meta":[],"product_brand":[],"product_cat":[43],"product_tag":[],"class_list":{"0":"post-10533","1":"product","2":"type-product","3":"status-publish","4":"has-post-thumbnail","6":"product_cat-fitas","8":"first","9":"instock","10":"taxable","11":"shipping-taxable","12":"purchasable","13":"product-type-variable"},"_links":{"self":[{"href":"https:\/\/www.avmbianco.com.br\/site\/wp-json\/wp\/v2\/product\/10533","targetHints":{"allow":["GET"]}}],"collection":[{"href":"https:\/\/www.avmbianco.com.br\/site\/wp-json\/wp\/v2\/product"}],"about":[{"href":"https:\/\/www.avmbianco.com.br\/site\/wp-json\/wp\/v2\/types\/product"}],"replies":[{"embeddable":true,"href":"https:\/\/www.avmbianco.com.br\/site\/wp-json\/wp\/v2\/comments?post=10533"}],"wp:featuredmedia":[{"embeddable":true,"href":"https:\/\/www.avmbianco.com.br\/site\/wp-json\/wp\/v2\/media\/10511"}],"wp:attachment":[{"href":"https:\/\/www.avmbianco.com.br\/site\/wp-json\/wp\/v2\/media?parent=10533"}],"wp:term":[{"taxonomy":"product_brand","embeddable":true,"href":"https:\/\/www.avmbianco.com.br\/site\/wp-json\/wp\/v2\/product_brand?post=10533"},{"taxonomy":"product_cat","embeddable":true,"href":"https:\/\/www.avmbianco.com.br\/site\/wp-json\/wp\/v2\/product_cat?post=10533"},{"taxonomy":"product_tag","embeddable":true,"href":"https:\/\/www.avmbianco.com.br\/site\/wp-json\/wp\/v2\/product_tag?post=10533"}],"curies":[{"name":"wp","href":"https:\/\/api.w.org\/{rel}","templated":true}]}}