{"id":10725,"date":"2019-08-08T12:17:06","date_gmt":"2019-08-08T15:17:06","guid":{"rendered":"https:\/\/www.avmbianco.com.br\/site\/?post_type=product&#038;p=10725"},"modified":"2025-05-14T16:14:44","modified_gmt":"2025-05-14T19:14:44","slug":"fita-gorgurao-c-pesponto-22mm","status":"publish","type":"product","link":"https:\/\/www.avmbianco.com.br\/site\/produto\/fita-gorgurao-c-pesponto-22mm\/","title":{"rendered":"Fita Gorgur\u00e3o c\/ Pesponto 22mm"},"content":{"rendered":"","protected":false},"excerpt":{"rendered":"<p>Fita gorgur\u00e3o\u00a0 com pesponto 22mm.<\/p>\n<p>Temos cores com pesponto branco e branco com pesponto em cores.<\/p>\n<p>Ideal para la\u00e7os e artesanato em geral.<\/p>\n<p>Composi\u00e7\u00e3o:95% Poliamida e 5% Poli\u00e9ster<\/p>\n<p>Rolos com 10mts<\/p>\n<p style=\"text-align: center;\"><strong>**Consulte Cores Dispon\u00edveis**<\/strong><\/p>\n","protected":false},"featured_media":10692,"comment_status":"open","ping_status":"closed","template":"","meta":[],"product_brand":[],"product_cat":[44,43],"product_tag":[],"class_list":{"0":"post-10725","1":"product","2":"type-product","3":"status-publish","4":"has-post-thumbnail","6":"product_cat-fita-gorgurao","7":"product_cat-fitas","9":"first","10":"instock","11":"taxable","12":"shipping-taxable","13":"purchasable","14":"product-type-variable"},"_links":{"self":[{"href":"https:\/\/www.avmbianco.com.br\/site\/wp-json\/wp\/v2\/product\/10725","targetHints":{"allow":["GET"]}}],"collection":[{"href":"https:\/\/www.avmbianco.com.br\/site\/wp-json\/wp\/v2\/product"}],"about":[{"href":"https:\/\/www.avmbianco.com.br\/site\/wp-json\/wp\/v2\/types\/product"}],"replies":[{"embeddable":true,"href":"https:\/\/www.avmbianco.com.br\/site\/wp-json\/wp\/v2\/comments?post=10725"}],"wp:featuredmedia":[{"embeddable":true,"href":"https:\/\/www.avmbianco.com.br\/site\/wp-json\/wp\/v2\/media\/10692"}],"wp:attachment":[{"href":"https:\/\/www.avmbianco.com.br\/site\/wp-json\/wp\/v2\/media?parent=10725"}],"wp:term":[{"taxonomy":"product_brand","embeddable":true,"href":"https:\/\/www.avmbianco.com.br\/site\/wp-json\/wp\/v2\/product_brand?post=10725"},{"taxonomy":"product_cat","embeddable":true,"href":"https:\/\/www.avmbianco.com.br\/site\/wp-json\/wp\/v2\/product_cat?post=10725"},{"taxonomy":"product_tag","embeddable":true,"href":"https:\/\/www.avmbianco.com.br\/site\/wp-json\/wp\/v2\/product_tag?post=10725"}],"curies":[{"name":"wp","href":"https:\/\/api.w.org\/{rel}","templated":true}]}}