{"id":10790,"date":"2019-08-14T09:47:29","date_gmt":"2019-08-14T12:47:29","guid":{"rendered":"https:\/\/www.avmbianco.com.br\/site\/?post_type=product&#038;p=10790"},"modified":"2025-05-14T16:04:47","modified_gmt":"2025-05-14T19:04:47","slug":"fita-voal-c-borda-acetinada-zc-005-22mm","status":"publish","type":"product","link":"https:\/\/www.avmbianco.com.br\/site\/produto\/fita-voal-c-borda-acetinada-zc-005-22mm\/","title":{"rendered":"Fita Voal c\/ Borda Acetinada ZC 005 22mm"},"content":{"rendered":"","protected":false},"excerpt":{"rendered":"<p><strong>Fita Voal com Ourela Acetinada<\/strong><\/p>\n<p>As fitas voal com ourela possuem uma transpar\u00eancia no centro e bordas acetinadas, com cores s\u00f3lidas. Ideal para adere\u00e7os,la\u00e7os,acabamentos,embalagens,decora\u00e7\u00f5es de festas, arranjos de flores ficam perfeitos com esse produto.<\/p>\n<p>Rolos com 10mts<\/p>\n<p>Composi\u00e7\u00e3o:100% Poliester<\/p>\n<p style=\"text-align: center;\"><strong>**Consulte Cores Dispon\u00edveis**<\/strong><\/p>\n","protected":false},"featured_media":10767,"comment_status":"open","ping_status":"closed","template":"","meta":[],"product_brand":[],"product_cat":[43,1019],"product_tag":[],"class_list":{"0":"post-10790","1":"product","2":"type-product","3":"status-publish","4":"has-post-thumbnail","6":"product_cat-fitas","7":"product_cat-voal","9":"first","10":"instock","11":"taxable","12":"shipping-taxable","13":"purchasable","14":"product-type-variable"},"_links":{"self":[{"href":"https:\/\/www.avmbianco.com.br\/site\/wp-json\/wp\/v2\/product\/10790","targetHints":{"allow":["GET"]}}],"collection":[{"href":"https:\/\/www.avmbianco.com.br\/site\/wp-json\/wp\/v2\/product"}],"about":[{"href":"https:\/\/www.avmbianco.com.br\/site\/wp-json\/wp\/v2\/types\/product"}],"replies":[{"embeddable":true,"href":"https:\/\/www.avmbianco.com.br\/site\/wp-json\/wp\/v2\/comments?post=10790"}],"wp:featuredmedia":[{"embeddable":true,"href":"https:\/\/www.avmbianco.com.br\/site\/wp-json\/wp\/v2\/media\/10767"}],"wp:attachment":[{"href":"https:\/\/www.avmbianco.com.br\/site\/wp-json\/wp\/v2\/media?parent=10790"}],"wp:term":[{"taxonomy":"product_brand","embeddable":true,"href":"https:\/\/www.avmbianco.com.br\/site\/wp-json\/wp\/v2\/product_brand?post=10790"},{"taxonomy":"product_cat","embeddable":true,"href":"https:\/\/www.avmbianco.com.br\/site\/wp-json\/wp\/v2\/product_cat?post=10790"},{"taxonomy":"product_tag","embeddable":true,"href":"https:\/\/www.avmbianco.com.br\/site\/wp-json\/wp\/v2\/product_tag?post=10790"}],"curies":[{"name":"wp","href":"https:\/\/api.w.org\/{rel}","templated":true}]}}