{"id":10999,"date":"2019-09-03T11:37:46","date_gmt":"2019-09-03T14:37:46","guid":{"rendered":"https:\/\/www.avmbianco.com.br\/site\/?post_type=product&#038;p=10999"},"modified":"2025-05-20T15:23:44","modified_gmt":"2025-05-20T18:23:44","slug":"tinta-glitter-relevo-3d","status":"publish","type":"product","link":"https:\/\/www.avmbianco.com.br\/site\/produto\/tinta-glitter-relevo-3d\/","title":{"rendered":"Tinta Glitter Relevo 3D"},"content":{"rendered":"<p>Aplique diretamente com o bico aplicador sobre a superf\u00edcie a ser trabalhada. Pode-se aplicar formando tra\u00e7os, pontos e grafismos.<\/p>\n<p>Pode ser aplicada sobre qualquer tipo de material poroso e aderente, como tecidos de algod\u00e3o, couro, madeira, cer\u00e2mica, gesso, papel, papel\u00e3o, isopor, etc.<\/p>\n","protected":false},"excerpt":{"rendered":"<p style=\"text-align: center;\">A Tinta Dimensional Brilhante Relevo 3D \u00e9 bastante vers\u00e1til, e pode ser aplicada sobre diversos materiais, inclusive sobre tecidos. Resistente a lavagens e n\u00e3o t\u00f3xica.<\/p>\n<p style=\"text-align: center;\">Tubo com 35ml<\/p>\n<p style=\"text-align: center;\"><strong>**Consulte Cores Dispon\u00edveis**<\/strong><\/p>\n","protected":false},"featured_media":10981,"comment_status":"open","ping_status":"closed","template":"","meta":[],"product_brand":[],"product_cat":[1059],"product_tag":[],"class_list":{"0":"post-10999","1":"product","2":"type-product","3":"status-publish","4":"has-post-thumbnail","6":"product_cat-sem-categoria","8":"first","9":"outofstock","10":"taxable","11":"shipping-taxable","12":"purchasable","13":"product-type-simple"},"_links":{"self":[{"href":"https:\/\/www.avmbianco.com.br\/site\/wp-json\/wp\/v2\/product\/10999","targetHints":{"allow":["GET"]}}],"collection":[{"href":"https:\/\/www.avmbianco.com.br\/site\/wp-json\/wp\/v2\/product"}],"about":[{"href":"https:\/\/www.avmbianco.com.br\/site\/wp-json\/wp\/v2\/types\/product"}],"replies":[{"embeddable":true,"href":"https:\/\/www.avmbianco.com.br\/site\/wp-json\/wp\/v2\/comments?post=10999"}],"wp:featuredmedia":[{"embeddable":true,"href":"https:\/\/www.avmbianco.com.br\/site\/wp-json\/wp\/v2\/media\/10981"}],"wp:attachment":[{"href":"https:\/\/www.avmbianco.com.br\/site\/wp-json\/wp\/v2\/media?parent=10999"}],"wp:term":[{"taxonomy":"product_brand","embeddable":true,"href":"https:\/\/www.avmbianco.com.br\/site\/wp-json\/wp\/v2\/product_brand?post=10999"},{"taxonomy":"product_cat","embeddable":true,"href":"https:\/\/www.avmbianco.com.br\/site\/wp-json\/wp\/v2\/product_cat?post=10999"},{"taxonomy":"product_tag","embeddable":true,"href":"https:\/\/www.avmbianco.com.br\/site\/wp-json\/wp\/v2\/product_tag?post=10999"}],"curies":[{"name":"wp","href":"https:\/\/api.w.org\/{rel}","templated":true}]}}