{"id":11003,"date":"2019-09-03T13:09:56","date_gmt":"2019-09-03T16:09:56","guid":{"rendered":"https:\/\/www.avmbianco.com.br\/site\/?post_type=product&#038;p=11003"},"modified":"2025-05-20T14:53:08","modified_gmt":"2025-05-20T17:53:08","slug":"caneta-magica","status":"publish","type":"product","link":"https:\/\/www.avmbianco.com.br\/site\/produto\/caneta-magica\/","title":{"rendered":"Caneta Magica"},"content":{"rendered":"","protected":false},"excerpt":{"rendered":"<p>Caneta em Gel, ideal para trabalhos artesanais que permite marca\u00e7\u00f5es em diferente tecidos. Sua tinta \u00e9 remov\u00edvel. Essa caneta permite marcar e fazer tra\u00e7os sem a preocupa\u00e7\u00e3o de errar ou ficar \u00e0 mostra, pois o tra\u00e7o rosa \u00e9 facilmente apagado. Essencial para quem faz e, principalmente, para quem est\u00e1 iniciando no artesanato.<\/p>\n","protected":false},"featured_media":10970,"comment_status":"open","ping_status":"closed","template":"","meta":[],"product_brand":[],"product_cat":[95],"product_tag":[],"class_list":{"0":"post-11003","1":"product","2":"type-product","3":"status-publish","4":"has-post-thumbnail","6":"product_cat-caneta","8":"first","9":"outofstock","10":"taxable","11":"shipping-taxable","12":"purchasable","13":"product-type-simple"},"_links":{"self":[{"href":"https:\/\/www.avmbianco.com.br\/site\/wp-json\/wp\/v2\/product\/11003","targetHints":{"allow":["GET"]}}],"collection":[{"href":"https:\/\/www.avmbianco.com.br\/site\/wp-json\/wp\/v2\/product"}],"about":[{"href":"https:\/\/www.avmbianco.com.br\/site\/wp-json\/wp\/v2\/types\/product"}],"replies":[{"embeddable":true,"href":"https:\/\/www.avmbianco.com.br\/site\/wp-json\/wp\/v2\/comments?post=11003"}],"wp:featuredmedia":[{"embeddable":true,"href":"https:\/\/www.avmbianco.com.br\/site\/wp-json\/wp\/v2\/media\/10970"}],"wp:attachment":[{"href":"https:\/\/www.avmbianco.com.br\/site\/wp-json\/wp\/v2\/media?parent=11003"}],"wp:term":[{"taxonomy":"product_brand","embeddable":true,"href":"https:\/\/www.avmbianco.com.br\/site\/wp-json\/wp\/v2\/product_brand?post=11003"},{"taxonomy":"product_cat","embeddable":true,"href":"https:\/\/www.avmbianco.com.br\/site\/wp-json\/wp\/v2\/product_cat?post=11003"},{"taxonomy":"product_tag","embeddable":true,"href":"https:\/\/www.avmbianco.com.br\/site\/wp-json\/wp\/v2\/product_tag?post=11003"}],"curies":[{"name":"wp","href":"https:\/\/api.w.org\/{rel}","templated":true}]}}