{"id":11006,"date":"2019-09-03T15:26:31","date_gmt":"2019-09-03T18:26:31","guid":{"rendered":"https:\/\/www.avmbianco.com.br\/site\/?post_type=product&#038;p=11006"},"modified":"2025-05-20T14:25:13","modified_gmt":"2025-05-20T17:25:13","slug":"pincel-acrilex-no14","status":"publish","type":"product","link":"https:\/\/www.avmbianco.com.br\/site\/produto\/pincel-acrilex-no14\/","title":{"rendered":"Pincel Acrilex n\u00ba14"},"content":{"rendered":"<p>Pincel Acrilex<br \/>\nCont\u00e9m: 1 unidade<br \/>\nPelo\/Cerdas: Natural<br \/>\nCabo: Longo\/Amarelo<br \/>\nVirola: Alum\u00ednio<br \/>\nFormato: Chato<\/p>\n","protected":false},"excerpt":{"rendered":"<p>Pincel Chato com Cerda branca importada, usado na abertura e largura com uma ou mais cores na ponta.<\/p>\n<p>Indicado para:<br \/>\n&#8211; Tinta Acr\u00edlica, Artesanato, Cer\u00e2mica, Tecido, Tela\/ Acr\u00edlica, Tela\/ \u00d3leo, Tintas \u00e0 base de \u00e1gua, Tintas diversas, Pintura escolar.<\/p>\n","protected":false},"featured_media":10976,"comment_status":"open","ping_status":"closed","template":"","meta":[],"product_brand":[],"product_cat":[23],"product_tag":[],"class_list":{"0":"post-11006","1":"product","2":"type-product","3":"status-publish","4":"has-post-thumbnail","6":"product_cat-acessorios","8":"first","9":"outofstock","10":"taxable","11":"shipping-taxable","12":"purchasable","13":"product-type-simple"},"_links":{"self":[{"href":"https:\/\/www.avmbianco.com.br\/site\/wp-json\/wp\/v2\/product\/11006","targetHints":{"allow":["GET"]}}],"collection":[{"href":"https:\/\/www.avmbianco.com.br\/site\/wp-json\/wp\/v2\/product"}],"about":[{"href":"https:\/\/www.avmbianco.com.br\/site\/wp-json\/wp\/v2\/types\/product"}],"replies":[{"embeddable":true,"href":"https:\/\/www.avmbianco.com.br\/site\/wp-json\/wp\/v2\/comments?post=11006"}],"wp:featuredmedia":[{"embeddable":true,"href":"https:\/\/www.avmbianco.com.br\/site\/wp-json\/wp\/v2\/media\/10976"}],"wp:attachment":[{"href":"https:\/\/www.avmbianco.com.br\/site\/wp-json\/wp\/v2\/media?parent=11006"}],"wp:term":[{"taxonomy":"product_brand","embeddable":true,"href":"https:\/\/www.avmbianco.com.br\/site\/wp-json\/wp\/v2\/product_brand?post=11006"},{"taxonomy":"product_cat","embeddable":true,"href":"https:\/\/www.avmbianco.com.br\/site\/wp-json\/wp\/v2\/product_cat?post=11006"},{"taxonomy":"product_tag","embeddable":true,"href":"https:\/\/www.avmbianco.com.br\/site\/wp-json\/wp\/v2\/product_tag?post=11006"}],"curies":[{"name":"wp","href":"https:\/\/api.w.org\/{rel}","templated":true}]}}