{"id":11386,"date":"2019-10-25T09:53:57","date_gmt":"2019-10-25T12:53:57","guid":{"rendered":"https:\/\/www.avmbianco.com.br\/site\/?post_type=product&#038;p=11386"},"modified":"2025-05-21T15:40:47","modified_gmt":"2025-05-21T18:40:47","slug":"ombreira-feltro-p-4","status":"publish","type":"product","link":"https:\/\/www.avmbianco.com.br\/site\/produto\/ombreira-feltro-p-4\/","title":{"rendered":"Ombreira Feltro P &#8211; 4"},"content":{"rendered":"","protected":false},"excerpt":{"rendered":"<p>As ombreiras de poly\u00e9ster possuem a capa e a contra capa de 100% poly\u00e9ster, podendo o recheio ser de camadas de mantas 100% poly\u00e9ster ou de camadas 100% algod\u00e3o.<br \/>\nComprimento: 15 cm<br \/>\nLargura: 9 cm<br \/>\nAltura: 1 mm<br \/>\nEmbalagem com 50 Pares<\/p>\n","protected":false},"featured_media":11340,"comment_status":"open","ping_status":"closed","template":"","meta":[],"product_brand":[],"product_cat":[470],"product_tag":[],"class_list":{"0":"post-11386","1":"product","2":"type-product","3":"status-publish","4":"has-post-thumbnail","6":"product_cat-ombreira","8":"first","9":"instock","10":"taxable","11":"shipping-taxable","12":"purchasable","13":"product-type-simple"},"_links":{"self":[{"href":"https:\/\/www.avmbianco.com.br\/site\/wp-json\/wp\/v2\/product\/11386","targetHints":{"allow":["GET"]}}],"collection":[{"href":"https:\/\/www.avmbianco.com.br\/site\/wp-json\/wp\/v2\/product"}],"about":[{"href":"https:\/\/www.avmbianco.com.br\/site\/wp-json\/wp\/v2\/types\/product"}],"replies":[{"embeddable":true,"href":"https:\/\/www.avmbianco.com.br\/site\/wp-json\/wp\/v2\/comments?post=11386"}],"wp:featuredmedia":[{"embeddable":true,"href":"https:\/\/www.avmbianco.com.br\/site\/wp-json\/wp\/v2\/media\/11340"}],"wp:attachment":[{"href":"https:\/\/www.avmbianco.com.br\/site\/wp-json\/wp\/v2\/media?parent=11386"}],"wp:term":[{"taxonomy":"product_brand","embeddable":true,"href":"https:\/\/www.avmbianco.com.br\/site\/wp-json\/wp\/v2\/product_brand?post=11386"},{"taxonomy":"product_cat","embeddable":true,"href":"https:\/\/www.avmbianco.com.br\/site\/wp-json\/wp\/v2\/product_cat?post=11386"},{"taxonomy":"product_tag","embeddable":true,"href":"https:\/\/www.avmbianco.com.br\/site\/wp-json\/wp\/v2\/product_tag?post=11386"}],"curies":[{"name":"wp","href":"https:\/\/api.w.org\/{rel}","templated":true}]}}