{"id":11389,"date":"2019-10-25T10:16:15","date_gmt":"2019-10-25T13:16:15","guid":{"rendered":"https:\/\/www.avmbianco.com.br\/site\/?post_type=product&#038;p=11389"},"modified":"2025-05-21T15:34:52","modified_gmt":"2025-05-21T18:34:52","slug":"ombreira-feltro-g-4","status":"publish","type":"product","link":"https:\/\/www.avmbianco.com.br\/site\/produto\/ombreira-feltro-g-4\/","title":{"rendered":"Ombreira Feltro G &#8211; 4"},"content":{"rendered":"","protected":false},"excerpt":{"rendered":"<p>As ombreiras de poly\u00e9ster possuem a capa e a contra capa de 100% poly\u00e9ster, podendo o recheio ser de camadas de mantas 100% poly\u00e9ster ou de camadas 100% algod\u00e3o.<br \/>\nComprimento: 24 cm<br \/>\nLargura: 13 cm<br \/>\nAltura: 10 mm<br \/>\nEmbalagem com 40 Pares<\/p>\n","protected":false},"featured_media":11338,"comment_status":"open","ping_status":"closed","template":"","meta":[],"product_brand":[],"product_cat":[470],"product_tag":[],"class_list":{"0":"post-11389","1":"product","2":"type-product","3":"status-publish","4":"has-post-thumbnail","6":"product_cat-ombreira","8":"first","9":"instock","10":"taxable","11":"shipping-taxable","12":"purchasable","13":"product-type-simple"},"_links":{"self":[{"href":"https:\/\/www.avmbianco.com.br\/site\/wp-json\/wp\/v2\/product\/11389","targetHints":{"allow":["GET"]}}],"collection":[{"href":"https:\/\/www.avmbianco.com.br\/site\/wp-json\/wp\/v2\/product"}],"about":[{"href":"https:\/\/www.avmbianco.com.br\/site\/wp-json\/wp\/v2\/types\/product"}],"replies":[{"embeddable":true,"href":"https:\/\/www.avmbianco.com.br\/site\/wp-json\/wp\/v2\/comments?post=11389"}],"wp:featuredmedia":[{"embeddable":true,"href":"https:\/\/www.avmbianco.com.br\/site\/wp-json\/wp\/v2\/media\/11338"}],"wp:attachment":[{"href":"https:\/\/www.avmbianco.com.br\/site\/wp-json\/wp\/v2\/media?parent=11389"}],"wp:term":[{"taxonomy":"product_brand","embeddable":true,"href":"https:\/\/www.avmbianco.com.br\/site\/wp-json\/wp\/v2\/product_brand?post=11389"},{"taxonomy":"product_cat","embeddable":true,"href":"https:\/\/www.avmbianco.com.br\/site\/wp-json\/wp\/v2\/product_cat?post=11389"},{"taxonomy":"product_tag","embeddable":true,"href":"https:\/\/www.avmbianco.com.br\/site\/wp-json\/wp\/v2\/product_tag?post=11389"}],"curies":[{"name":"wp","href":"https:\/\/api.w.org\/{rel}","templated":true}]}}