{"id":11444,"date":"2019-11-27T10:36:56","date_gmt":"2019-11-27T13:36:56","guid":{"rendered":"https:\/\/www.avmbianco.com.br\/site\/?post_type=product&#038;p=11444"},"modified":"2025-05-21T15:26:04","modified_gmt":"2025-05-21T18:26:04","slug":"tinta-spray-uso-geral","status":"publish","type":"product","link":"https:\/\/www.avmbianco.com.br\/site\/produto\/tinta-spray-uso-geral\/","title":{"rendered":"Tinta Spray Uso Geral"},"content":{"rendered":"<p>Instru\u00e7\u00e3o:<\/p>\n<p>&#8211; Remova restos de pintura velha, ferrugem, gordura e poeira.<br \/>\n&#8211; Proteja as partes que n\u00e3o ser\u00e3o pintadas com papel, papel\u00e3o ou pl\u00e1stico.<br \/>\n&#8211; Para aplica\u00e7\u00f5es em metais (ferrosos e n\u00e3o ferrosos) com ou sem oxida\u00e7\u00e3o aplique o Supercolor uso geral fundo primer. Espere secar e lixe com lixa d&#8217;\u00e1gua 400, para deixar a superf\u00edcie bem lisa.<br \/>\n&#8211; Aplique de 2 a 3 dem\u00e3os para obter uma pintura uniforme e bonita. Na primeira dem\u00e3o aplique uma camada bem fina para ancorar as demais dem\u00e3os.<br \/>\n&#8211; Entre cada dem\u00e3o de tinta, aguarde um intervalo de 1 a 3 minutos.<br \/>\n&#8211; Para o toque aguarde um intervalo de 30 minutos.<br \/>\n&#8211; Para manuseio da pe\u00e7a aguarde um intervalo de 3 horas.<br \/>\n&#8211; Cura total em 24 horas e para testes mec\u00e2nicos, recomendamos 72 horas.<\/p>\n","protected":false},"excerpt":{"rendered":"<p>Tinta Spray Tek Bond Super Color Uso Geral 350ml = 250g<\/p>\n<p>Super Color \u00e9 a linha de tintas da Tekbond em aerossol com alt\u00edssima qualidade e desempenho.<br \/>\n\u00c9 uma tinta acr\u00edlica em aerossol desenvolvida com resinas acr\u00edlicas de secagem r\u00e1pida e \u00f3tima resist\u00eancia as intemp\u00e9ries, proporciona excelente acabamentos, poder de cobertura e efeito decorativo, oferece maior durabilidade se comparada as tintas comuns, desde que seguida as instru\u00e7\u00f5es. Altamente indicada para metal ( ferro e a\u00e7o ), madeira, cer\u00e2mica, gesso, tanto em ambientes externos ou internos . Agite bem a lata antes e durante o uso.<\/p>\n","protected":false},"featured_media":11460,"comment_status":"open","ping_status":"closed","template":"","meta":[],"product_brand":[],"product_cat":[1059,181],"product_tag":[],"class_list":{"0":"post-11444","1":"product","2":"type-product","3":"status-publish","4":"has-post-thumbnail","6":"product_cat-sem-categoria","7":"product_cat-tintas","9":"first","10":"instock","11":"taxable","12":"shipping-taxable","13":"purchasable","14":"product-type-variable"},"_links":{"self":[{"href":"https:\/\/www.avmbianco.com.br\/site\/wp-json\/wp\/v2\/product\/11444","targetHints":{"allow":["GET"]}}],"collection":[{"href":"https:\/\/www.avmbianco.com.br\/site\/wp-json\/wp\/v2\/product"}],"about":[{"href":"https:\/\/www.avmbianco.com.br\/site\/wp-json\/wp\/v2\/types\/product"}],"replies":[{"embeddable":true,"href":"https:\/\/www.avmbianco.com.br\/site\/wp-json\/wp\/v2\/comments?post=11444"}],"wp:featuredmedia":[{"embeddable":true,"href":"https:\/\/www.avmbianco.com.br\/site\/wp-json\/wp\/v2\/media\/11460"}],"wp:attachment":[{"href":"https:\/\/www.avmbianco.com.br\/site\/wp-json\/wp\/v2\/media?parent=11444"}],"wp:term":[{"taxonomy":"product_brand","embeddable":true,"href":"https:\/\/www.avmbianco.com.br\/site\/wp-json\/wp\/v2\/product_brand?post=11444"},{"taxonomy":"product_cat","embeddable":true,"href":"https:\/\/www.avmbianco.com.br\/site\/wp-json\/wp\/v2\/product_cat?post=11444"},{"taxonomy":"product_tag","embeddable":true,"href":"https:\/\/www.avmbianco.com.br\/site\/wp-json\/wp\/v2\/product_tag?post=11444"}],"curies":[{"name":"wp","href":"https:\/\/api.w.org\/{rel}","templated":true}]}}