{"id":11486,"date":"2019-11-27T12:22:49","date_gmt":"2019-11-27T15:22:49","guid":{"rendered":"https:\/\/www.avmbianco.com.br\/site\/?post_type=product&#038;p=11486"},"modified":"2025-05-21T14:54:25","modified_gmt":"2025-05-21T17:54:25","slug":"papel-carbono-para-costura","status":"publish","type":"product","link":"https:\/\/www.avmbianco.com.br\/site\/produto\/papel-carbono-para-costura\/","title":{"rendered":"Papel Carbono P\/ Costura"},"content":{"rendered":"","protected":false},"excerpt":{"rendered":"<div class=\"vtex-flex-layout-0-x-flexRow vtex-flex-layout-0-x-flexRow--productDescription--pdp\" aria-label=\"Linha de sess\u00e3o\">\n<div class=\"flex mt0 mb7 pt0 pb0    justify-between vtex-flex-layout-0-x-flexRowContent vtex-flex-layout-0-x-flexRowContent--productDescription--pdp items-stretch w-100\">\n<div class=\"pr0 items-stretch vtex-flex-layout-0-x-stretchChildrenWidth   flex\">\n<div class=\"vtex-store-components-3-x-productDescriptionContainer\">\n<div class=\"vtex-store-components-3-x-productDescriptionText c-muted-1\">\n<div class=\"vtex-store-components-3-x-container relative\">\n<div class=\"vtex-store-components-3-x-content h-auto\">O Papel Carbono para Tecidos \u00e9 a ferramenta ideal para transferir desenhos, moldes e marca\u00e7\u00f5es com precis\u00e3o e praticidade. Desenvolvido especialmente para trabalhos em tecidos, ele garante tra\u00e7os n\u00edtidos e bem definidos, facilitando o corte e a costura em projetos de moda, bordado e artesanato. Vers\u00e1til e f\u00e1cil de usar, o Papel Carbono para Tecidos \u00e9 indispens\u00e1vel para quem busca agilidade e perfei\u00e7\u00e3o em suas cria\u00e7\u00f5es.<\/div>\n<\/div>\n<\/div>\n<\/div>\n<\/div>\n<div class=\"pr0 items-stretch vtex-flex-layout-0-x-stretchChildrenWidth   flex\">\n<div id=\"descricao-caracteristicas\" class=\"vtex-flex-layout-0-x-flexRow vtex-flex-layout-0-x-flexRow--scrollTo--pdp\" aria-label=\"Linha #\">\n<div class=\"flex mt0 mb0 pt0 pb0    justify-start vtex-flex-layout-0-x-flexRowContent vtex-flex-layout-0-x-flexRowContent--scrollTo--pdp items-stretch w-100\">CARACTER\u00cdSTICAS DO PRODUTO<\/div>\n<\/div>\n<\/div>\n<\/div>\n<\/div>\n<div class=\"vtex-flex-layout-0-x-flexRow vtex-flex-layout-0-x-flexRow--specifications--core\" aria-label=\"Linha de sess\u00e3o\">\n<div class=\"flex mt0 mb0 pt0 pb0    justify-start vtex-flex-layout-0-x-flexRowContent vtex-flex-layout-0-x-flexRowContent--specifications--core items-stretch w-100\">\n<div class=\"pr0 items-stretch vtex-flex-layout-0-x-stretchChildrenWidth   flex\">\n<p class=\"maluli-maluliapp-0-x-specBox\">Composi\u00e7\u00e3o: Papel Carbono<br \/>\nUnidade de Venda: 01<br \/>\nTamanho: 33&#215;43 Cent\u00edmetros<\/p>\n<\/div>\n<\/div>\n<\/div>\n","protected":false},"featured_media":17521,"comment_status":"open","ping_status":"closed","template":"","meta":[],"product_brand":[],"product_cat":[1059],"product_tag":[],"class_list":{"0":"post-11486","1":"product","2":"type-product","3":"status-publish","4":"has-post-thumbnail","6":"product_cat-sem-categoria","8":"first","9":"instock","10":"taxable","11":"shipping-taxable","12":"purchasable","13":"product-type-variable"},"_links":{"self":[{"href":"https:\/\/www.avmbianco.com.br\/site\/wp-json\/wp\/v2\/product\/11486","targetHints":{"allow":["GET"]}}],"collection":[{"href":"https:\/\/www.avmbianco.com.br\/site\/wp-json\/wp\/v2\/product"}],"about":[{"href":"https:\/\/www.avmbianco.com.br\/site\/wp-json\/wp\/v2\/types\/product"}],"replies":[{"embeddable":true,"href":"https:\/\/www.avmbianco.com.br\/site\/wp-json\/wp\/v2\/comments?post=11486"}],"wp:featuredmedia":[{"embeddable":true,"href":"https:\/\/www.avmbianco.com.br\/site\/wp-json\/wp\/v2\/media\/17521"}],"wp:attachment":[{"href":"https:\/\/www.avmbianco.com.br\/site\/wp-json\/wp\/v2\/media?parent=11486"}],"wp:term":[{"taxonomy":"product_brand","embeddable":true,"href":"https:\/\/www.avmbianco.com.br\/site\/wp-json\/wp\/v2\/product_brand?post=11486"},{"taxonomy":"product_cat","embeddable":true,"href":"https:\/\/www.avmbianco.com.br\/site\/wp-json\/wp\/v2\/product_cat?post=11486"},{"taxonomy":"product_tag","embeddable":true,"href":"https:\/\/www.avmbianco.com.br\/site\/wp-json\/wp\/v2\/product_tag?post=11486"}],"curies":[{"name":"wp","href":"https:\/\/api.w.org\/{rel}","templated":true}]}}