{"id":11493,"date":"2019-11-27T12:47:32","date_gmt":"2019-11-27T15:47:32","guid":{"rendered":"https:\/\/www.avmbianco.com.br\/site\/?post_type=product&#038;p=11493"},"modified":"2025-05-21T12:50:11","modified_gmt":"2025-05-21T15:50:11","slug":"tule-glitter-rolo","status":"publish","type":"product","link":"https:\/\/www.avmbianco.com.br\/site\/produto\/tule-glitter-rolo\/","title":{"rendered":"Tule Glitter Rolo"},"content":{"rendered":"<p>DESCRI\u00c7\u00c3O DO PRODUTO<\/p>\n<p>Trata-se de um tecido fino 100% poli\u00e9ster, pr\u00f3prio para decora\u00e7\u00f5es, complementos, artesanatos e\/ou ainda podem ser usados para uma ampla variedade de ocasi\u00f5es especiais.<\/p>\n<p>MUITO UTILIZADO PARA<\/p>\n<p>Decora\u00e7\u00f5es em casamentos, celebra\u00e7\u00f5es, formaturas, evento especial, eventos de banquetes, decora\u00e7\u00f5es em geral.<\/p>\n<p>Produtos t\u00eaxteis como: fantasias, saias de ballet, roupas, embalar presentes, buqu\u00eas, v\u00e9u de noiva<\/p>\n<p>Projetos de artesanato como flores, mosquiteiro, funer\u00e1rio, cobertura de alimentos expostos, etc&#8230;<\/p>\n<p>Para utilizar, basta simplesmente cortar o tule no comprimento e forma desejada para confeccionar, ele ser\u00e1 facilmente manuseado.<\/p>\n<p>Apresente um ambiente bonito, alegre ou ainda rom\u00e2ntico para seus amigos, convidados e\/ou familiares.<\/p>\n<p>Sua aplica\u00e7\u00e3o na confec\u00e7\u00e3o de produtos \u00e9 bem vasta, com um pouco de criatividade, pode-se criar qualquer coisa.<\/p>\n<p>Material de alta qualidade e resist\u00eancia com durabilidade \u00e9 indeterminada.<\/p>\n","protected":false},"excerpt":{"rendered":"<p>Tecido Tule com Glitter 15cm &#8211; Artesanato &#8211; Decora\u00e7\u00e3o, Top ( ROLO)<\/p>\n<p>CARACTER\u00cdSTICAS GERAIS<\/p>\n<p>COMPOSI\u00c7\u00c3O: 100% poli\u00e9ster<\/p>\n<p>LARGURA: 15 cm (LARGURA FIXA)<\/p>\n<p>CUMPRIMENTO DO ROLO: 9,10m<\/p>\n<p>E TEMOS TAMB\u00c9M DE 22,80m x 15cm<\/p>\n","protected":false},"featured_media":11446,"comment_status":"open","ping_status":"closed","template":"","meta":[],"product_brand":[],"product_cat":[1059],"product_tag":[],"class_list":{"0":"post-11493","1":"product","2":"type-product","3":"status-publish","4":"has-post-thumbnail","6":"product_cat-sem-categoria","8":"first","9":"instock","10":"taxable","11":"shipping-taxable","12":"purchasable","13":"product-type-variable"},"_links":{"self":[{"href":"https:\/\/www.avmbianco.com.br\/site\/wp-json\/wp\/v2\/product\/11493","targetHints":{"allow":["GET"]}}],"collection":[{"href":"https:\/\/www.avmbianco.com.br\/site\/wp-json\/wp\/v2\/product"}],"about":[{"href":"https:\/\/www.avmbianco.com.br\/site\/wp-json\/wp\/v2\/types\/product"}],"replies":[{"embeddable":true,"href":"https:\/\/www.avmbianco.com.br\/site\/wp-json\/wp\/v2\/comments?post=11493"}],"wp:featuredmedia":[{"embeddable":true,"href":"https:\/\/www.avmbianco.com.br\/site\/wp-json\/wp\/v2\/media\/11446"}],"wp:attachment":[{"href":"https:\/\/www.avmbianco.com.br\/site\/wp-json\/wp\/v2\/media?parent=11493"}],"wp:term":[{"taxonomy":"product_brand","embeddable":true,"href":"https:\/\/www.avmbianco.com.br\/site\/wp-json\/wp\/v2\/product_brand?post=11493"},{"taxonomy":"product_cat","embeddable":true,"href":"https:\/\/www.avmbianco.com.br\/site\/wp-json\/wp\/v2\/product_cat?post=11493"},{"taxonomy":"product_tag","embeddable":true,"href":"https:\/\/www.avmbianco.com.br\/site\/wp-json\/wp\/v2\/product_tag?post=11493"}],"curies":[{"name":"wp","href":"https:\/\/api.w.org\/{rel}","templated":true}]}}