{"id":11577,"date":"2020-03-11T16:31:00","date_gmt":"2020-03-11T19:31:00","guid":{"rendered":"https:\/\/www.avmbianco.com.br\/site\/?post_type=product&#038;p=11577"},"modified":"2025-05-21T10:39:49","modified_gmt":"2025-05-21T13:39:49","slug":"rolo-adesivo","status":"publish","type":"product","link":"https:\/\/www.avmbianco.com.br\/site\/produto\/rolo-adesivo\/","title":{"rendered":"Papa Bolinha(Rolo Adesivo)"},"content":{"rendered":"<p><strong>Modo de Uso:<br \/>\n<\/strong><strong>1.\u00a0<\/strong>Retire a capa protetora.<br \/>\n<strong>2.\u00a0<\/strong>Deslize o rolo no local que deseja limpar.<br \/>\n<strong>3.\u00a0<\/strong>Depois do uso, recoloque a capa protetora sobre o rolo.<br \/>\n<strong>4.\u00a0<\/strong>Quando a fita perder desempenho, remova 1 volta at\u00e9 o pr\u00f3ximo picote.<\/p>\n<p><strong>Aten\u00e7\u00e3o:<br \/>\n<\/strong>N\u00e3o utilizar em animais ou diretamente sobre a pele. N\u00e3o remove bolinhas de tecidos.<\/p>\n","protected":false},"excerpt":{"rendered":"<div class=\"page-heading\"><span id=\"infoproduto\" class=\"page-heading-title informacaoProduto\">Descri\u00e7\u00e3o do Produto<\/span><\/div>\n<p>Elimina pelo, p\u00f3 e fiapos sem danificar o tecido.<\/p>\n<p><strong>Caracter\u00edsticas:<br \/>\n<\/strong>Elimina pelos, p\u00f3 e fiapos sem danificar o tecido. Mantenha suas roupas e tecidos\u00a0sempre limpos. Ideal para pe\u00e7as de vestu\u00e1rio, acabamento ap\u00f3s passar roupas, estofados, tapetes e roupas de cama.<\/p>\n<p>Rolo adesivo com 60 folhas<\/p>\n<p>&nbsp;<\/p>\n","protected":false},"featured_media":17512,"comment_status":"open","ping_status":"closed","template":"","meta":[],"product_brand":[],"product_cat":[23],"product_tag":[],"class_list":{"0":"post-11577","1":"product","2":"type-product","3":"status-publish","4":"has-post-thumbnail","6":"product_cat-acessorios","8":"first","9":"instock","10":"taxable","11":"shipping-taxable","12":"purchasable","13":"product-type-simple"},"_links":{"self":[{"href":"https:\/\/www.avmbianco.com.br\/site\/wp-json\/wp\/v2\/product\/11577","targetHints":{"allow":["GET"]}}],"collection":[{"href":"https:\/\/www.avmbianco.com.br\/site\/wp-json\/wp\/v2\/product"}],"about":[{"href":"https:\/\/www.avmbianco.com.br\/site\/wp-json\/wp\/v2\/types\/product"}],"replies":[{"embeddable":true,"href":"https:\/\/www.avmbianco.com.br\/site\/wp-json\/wp\/v2\/comments?post=11577"}],"wp:featuredmedia":[{"embeddable":true,"href":"https:\/\/www.avmbianco.com.br\/site\/wp-json\/wp\/v2\/media\/17512"}],"wp:attachment":[{"href":"https:\/\/www.avmbianco.com.br\/site\/wp-json\/wp\/v2\/media?parent=11577"}],"wp:term":[{"taxonomy":"product_brand","embeddable":true,"href":"https:\/\/www.avmbianco.com.br\/site\/wp-json\/wp\/v2\/product_brand?post=11577"},{"taxonomy":"product_cat","embeddable":true,"href":"https:\/\/www.avmbianco.com.br\/site\/wp-json\/wp\/v2\/product_cat?post=11577"},{"taxonomy":"product_tag","embeddable":true,"href":"https:\/\/www.avmbianco.com.br\/site\/wp-json\/wp\/v2\/product_tag?post=11577"}],"curies":[{"name":"wp","href":"https:\/\/api.w.org\/{rel}","templated":true}]}}