{"id":11578,"date":"2020-03-11T16:51:14","date_gmt":"2020-03-11T19:51:14","guid":{"rendered":"https:\/\/www.avmbianco.com.br\/site\/?post_type=product&#038;p=11578"},"modified":"2025-05-21T10:24:51","modified_gmt":"2025-05-21T13:24:51","slug":"ilhos-para-cortina","status":"publish","type":"product","link":"https:\/\/www.avmbianco.com.br\/site\/produto\/ilhos-para-cortina\/","title":{"rendered":"Ilh\u00f3s Para Cortina"},"content":{"rendered":"","protected":false},"excerpt":{"rendered":"<p>O Ilh\u00f3s para cortina de pl\u00e1stico, \u00e9 o mais utilizado atualmente. Possui duas partes, que \u00e9 o macho e a f\u00eamea, que se encaixam na cortina formando uma \u00fanica pe\u00e7a. S\u00e3o f\u00e1ceis de serem aplicados e possui \u00f3timo acabamento.<\/p>\n<p style=\"text-align: center;\">Pacotes com 10 pares de Ilh\u00f3s (macho e f\u00eamea)<br \/>\n<b>**Consulte tamanhos dispon\u00edveis e valor para maior quantidade**<\/b><\/p>\n<p>&nbsp;<\/p>\n","protected":false},"featured_media":11579,"comment_status":"open","ping_status":"closed","template":"","meta":[],"product_brand":[],"product_cat":[23],"product_tag":[],"class_list":{"0":"post-11578","1":"product","2":"type-product","3":"status-publish","4":"has-post-thumbnail","6":"product_cat-acessorios","8":"first","9":"instock","10":"taxable","11":"shipping-taxable","12":"purchasable","13":"product-type-variable"},"_links":{"self":[{"href":"https:\/\/www.avmbianco.com.br\/site\/wp-json\/wp\/v2\/product\/11578","targetHints":{"allow":["GET"]}}],"collection":[{"href":"https:\/\/www.avmbianco.com.br\/site\/wp-json\/wp\/v2\/product"}],"about":[{"href":"https:\/\/www.avmbianco.com.br\/site\/wp-json\/wp\/v2\/types\/product"}],"replies":[{"embeddable":true,"href":"https:\/\/www.avmbianco.com.br\/site\/wp-json\/wp\/v2\/comments?post=11578"}],"wp:featuredmedia":[{"embeddable":true,"href":"https:\/\/www.avmbianco.com.br\/site\/wp-json\/wp\/v2\/media\/11579"}],"wp:attachment":[{"href":"https:\/\/www.avmbianco.com.br\/site\/wp-json\/wp\/v2\/media?parent=11578"}],"wp:term":[{"taxonomy":"product_brand","embeddable":true,"href":"https:\/\/www.avmbianco.com.br\/site\/wp-json\/wp\/v2\/product_brand?post=11578"},{"taxonomy":"product_cat","embeddable":true,"href":"https:\/\/www.avmbianco.com.br\/site\/wp-json\/wp\/v2\/product_cat?post=11578"},{"taxonomy":"product_tag","embeddable":true,"href":"https:\/\/www.avmbianco.com.br\/site\/wp-json\/wp\/v2\/product_tag?post=11578"}],"curies":[{"name":"wp","href":"https:\/\/api.w.org\/{rel}","templated":true}]}}