{"id":11680,"date":"2020-04-14T16:58:44","date_gmt":"2020-04-14T19:58:44","guid":{"rendered":"https:\/\/www.avmbianco.com.br\/site\/?post_type=product&#038;p=11680"},"modified":"2020-10-09T10:38:52","modified_gmt":"2020-10-09T13:38:52","slug":"elastico-crochet-avm-5mm","status":"publish","type":"product","link":"https:\/\/www.avmbianco.com.br\/site\/produto\/elastico-crochet-avm-5mm\/","title":{"rendered":"El\u00e1stico Chato AVM 5mm especial para m\u00e1scaras"},"content":{"rendered":"<p>El\u00e1stico chato AVM 5mm, branco e preto,\u00a0 rolos com 100mts<\/p>\n","protected":false},"excerpt":{"rendered":"<p>El\u00e1stico chato AVM 5mm, branco\u00a0 e\u00a0 preto rolos com 100mts<\/p>\n<p>Especial para confec\u00e7\u00e3o de m\u00e1scaras<\/p>\n","protected":false},"featured_media":11679,"comment_status":"open","ping_status":"closed","template":"","meta":[],"product_brand":[],"product_cat":[19],"product_tag":[],"class_list":{"0":"post-11680","1":"product","2":"type-product","3":"status-publish","4":"has-post-thumbnail","6":"product_cat-elasticos","8":"first","9":"outofstock","10":"taxable","11":"shipping-taxable","12":"purchasable","13":"product-type-variable"},"_links":{"self":[{"href":"https:\/\/www.avmbianco.com.br\/site\/wp-json\/wp\/v2\/product\/11680","targetHints":{"allow":["GET"]}}],"collection":[{"href":"https:\/\/www.avmbianco.com.br\/site\/wp-json\/wp\/v2\/product"}],"about":[{"href":"https:\/\/www.avmbianco.com.br\/site\/wp-json\/wp\/v2\/types\/product"}],"replies":[{"embeddable":true,"href":"https:\/\/www.avmbianco.com.br\/site\/wp-json\/wp\/v2\/comments?post=11680"}],"wp:featuredmedia":[{"embeddable":true,"href":"https:\/\/www.avmbianco.com.br\/site\/wp-json\/wp\/v2\/media\/11679"}],"wp:attachment":[{"href":"https:\/\/www.avmbianco.com.br\/site\/wp-json\/wp\/v2\/media?parent=11680"}],"wp:term":[{"taxonomy":"product_brand","embeddable":true,"href":"https:\/\/www.avmbianco.com.br\/site\/wp-json\/wp\/v2\/product_brand?post=11680"},{"taxonomy":"product_cat","embeddable":true,"href":"https:\/\/www.avmbianco.com.br\/site\/wp-json\/wp\/v2\/product_cat?post=11680"},{"taxonomy":"product_tag","embeddable":true,"href":"https:\/\/www.avmbianco.com.br\/site\/wp-json\/wp\/v2\/product_tag?post=11680"}],"curies":[{"name":"wp","href":"https:\/\/api.w.org\/{rel}","templated":true}]}}