{"id":11878,"date":"2020-06-25T09:38:03","date_gmt":"2020-06-25T12:38:03","guid":{"rendered":"https:\/\/www.avmbianco.com.br\/site\/?post_type=product&#038;p=11878"},"modified":"2025-05-22T11:26:46","modified_gmt":"2025-05-22T14:26:46","slug":"sapata-calcador-para-vies","status":"publish","type":"product","link":"https:\/\/www.avmbianco.com.br\/site\/produto\/sapata-calcador-para-vies\/","title":{"rendered":"Sapata Calcador Para Vi\u00e9s"},"content":{"rendered":"","protected":false},"excerpt":{"rendered":"<p>\u00c9 necess\u00e1rio que a m\u00e1quina ou voc\u00ea tenha a haste de troca r\u00e1pida.<br \/>\nSomente em m\u00e1quinas dom\u00e9sticas.<\/p>\n<p>Sapata Regul\u00e1vel Para Pregar Regul\u00e1vel<\/p>\n<p>&#8211; Utilizada em M\u00e1quinas de Costura Dom\u00e9sticas.<br \/>\n&#8211; Serve para Pregar o Vi\u00e9s tipo Americano (Pronto)<br \/>\n&#8211; Prega Vi\u00e9s de 0,5 a 2,5cm)<\/p>\n<p>Serve em diversos Modelos de M\u00e1quinas como: Singer, Janome, Brother, Elna, Elgin, e Outros.<\/p>\n","protected":false},"featured_media":11879,"comment_status":"open","ping_status":"closed","template":"","meta":[],"product_brand":[],"product_cat":[1100],"product_tag":[],"class_list":{"0":"post-11878","1":"product","2":"type-product","3":"status-publish","4":"has-post-thumbnail","6":"product_cat-pecas-maquina-de-costura","8":"first","9":"outofstock","10":"taxable","11":"shipping-taxable","12":"purchasable","13":"product-type-simple"},"_links":{"self":[{"href":"https:\/\/www.avmbianco.com.br\/site\/wp-json\/wp\/v2\/product\/11878","targetHints":{"allow":["GET"]}}],"collection":[{"href":"https:\/\/www.avmbianco.com.br\/site\/wp-json\/wp\/v2\/product"}],"about":[{"href":"https:\/\/www.avmbianco.com.br\/site\/wp-json\/wp\/v2\/types\/product"}],"replies":[{"embeddable":true,"href":"https:\/\/www.avmbianco.com.br\/site\/wp-json\/wp\/v2\/comments?post=11878"}],"wp:featuredmedia":[{"embeddable":true,"href":"https:\/\/www.avmbianco.com.br\/site\/wp-json\/wp\/v2\/media\/11879"}],"wp:attachment":[{"href":"https:\/\/www.avmbianco.com.br\/site\/wp-json\/wp\/v2\/media?parent=11878"}],"wp:term":[{"taxonomy":"product_brand","embeddable":true,"href":"https:\/\/www.avmbianco.com.br\/site\/wp-json\/wp\/v2\/product_brand?post=11878"},{"taxonomy":"product_cat","embeddable":true,"href":"https:\/\/www.avmbianco.com.br\/site\/wp-json\/wp\/v2\/product_cat?post=11878"},{"taxonomy":"product_tag","embeddable":true,"href":"https:\/\/www.avmbianco.com.br\/site\/wp-json\/wp\/v2\/product_tag?post=11878"}],"curies":[{"name":"wp","href":"https:\/\/api.w.org\/{rel}","templated":true}]}}