{"id":11962,"date":"2020-07-07T16:15:26","date_gmt":"2020-07-07T19:15:26","guid":{"rendered":"https:\/\/www.avmbianco.com.br\/site\/?post_type=product&#038;p=11962"},"modified":"2020-07-09T11:03:08","modified_gmt":"2020-07-09T14:03:08","slug":"fita-adesiva-colante","status":"publish","type":"product","link":"https:\/\/www.avmbianco.com.br\/site\/produto\/fita-adesiva-colante\/","title":{"rendered":"FITA ADESIVA COLANTE"},"content":{"rendered":"<p>A fita autoadesiva Fit-Pel pode ser usada no empacotamento de caixas pequenas e m\u00e9dias, m\u00e1quinas autom\u00e1ticas para empacotamento, fechamento de pacotes, trabalhos escolares, decora\u00e7\u00e3o, fixa\u00e7\u00e3o de artigos festivos, uso geral.<\/p>\n<p>&nbsp;<\/p>\n<p><strong>Aplica\u00e7\u00f5es:<\/strong><\/p>\n<p>&nbsp;<\/p>\n<ul>\n<li>Redes de supermercados;<\/li>\n<li>Escolar;<\/li>\n<li>Fechamento de embalagens e empacotamento;<\/li>\n<li>Materiais de constru\u00e7\u00e3o e escrit\u00f3rio;<\/li>\n<li>Para uso dom\u00e9stico;<\/li>\n<li>Papelaria;<\/li>\n<li>Feiras;<\/li>\n<li>Exposi\u00e7\u00f5es e comunica\u00e7\u00e3o visual<\/li>\n<\/ul>\n<p>&nbsp;<\/p>\n","protected":false},"excerpt":{"rendered":"<p>Fita indicada para fechamento de caixas de papel\u00e3o em geral.<\/p>\n<h4 style=\"text-align: center;\"><strong>**Consulte cores dispon\u00edveis**<\/strong><\/h4>\n<p>&nbsp;<\/p>\n","protected":false},"featured_media":11966,"comment_status":"open","ping_status":"closed","template":"","meta":[],"product_brand":[],"product_cat":[1059],"product_tag":[],"class_list":{"0":"post-11962","1":"product","2":"type-product","3":"status-publish","4":"has-post-thumbnail","6":"product_cat-sem-categoria","8":"first","9":"instock","10":"taxable","11":"shipping-taxable","12":"purchasable","13":"product-type-variable"},"_links":{"self":[{"href":"https:\/\/www.avmbianco.com.br\/site\/wp-json\/wp\/v2\/product\/11962","targetHints":{"allow":["GET"]}}],"collection":[{"href":"https:\/\/www.avmbianco.com.br\/site\/wp-json\/wp\/v2\/product"}],"about":[{"href":"https:\/\/www.avmbianco.com.br\/site\/wp-json\/wp\/v2\/types\/product"}],"replies":[{"embeddable":true,"href":"https:\/\/www.avmbianco.com.br\/site\/wp-json\/wp\/v2\/comments?post=11962"}],"wp:featuredmedia":[{"embeddable":true,"href":"https:\/\/www.avmbianco.com.br\/site\/wp-json\/wp\/v2\/media\/11966"}],"wp:attachment":[{"href":"https:\/\/www.avmbianco.com.br\/site\/wp-json\/wp\/v2\/media?parent=11962"}],"wp:term":[{"taxonomy":"product_brand","embeddable":true,"href":"https:\/\/www.avmbianco.com.br\/site\/wp-json\/wp\/v2\/product_brand?post=11962"},{"taxonomy":"product_cat","embeddable":true,"href":"https:\/\/www.avmbianco.com.br\/site\/wp-json\/wp\/v2\/product_cat?post=11962"},{"taxonomy":"product_tag","embeddable":true,"href":"https:\/\/www.avmbianco.com.br\/site\/wp-json\/wp\/v2\/product_tag?post=11962"}],"curies":[{"name":"wp","href":"https:\/\/api.w.org\/{rel}","templated":true}]}}