{"id":12002,"date":"2020-07-13T12:03:02","date_gmt":"2020-07-13T15:03:02","guid":{"rendered":"https:\/\/www.avmbianco.com.br\/site\/?post_type=product&#038;p=12002"},"modified":"2025-05-27T12:10:46","modified_gmt":"2025-05-27T15:10:46","slug":"la-fofinha","status":"publish","type":"product","link":"https:\/\/www.avmbianco.com.br\/site\/produto\/la-fofinha\/","title":{"rendered":"L\u00e3 Fofinha"},"content":{"rendered":"<ul>\n<li><strong>Status de uso:<\/strong>\u00a0NOVO<\/li>\n<li><strong>Fabricante:<\/strong>\u00a0Makro Central<\/li>\n<li><strong>Embalagem:<\/strong>\u00a010x10x20cm\u00a0<small>(Largura X Altura X Profundidade)<\/small><\/li>\n<\/ul>\n","protected":false},"excerpt":{"rendered":"<dl id=\"i_desc\">\n<dd class=\"active\">\n<h5>L\u00e3 estilo veludo molhado, para artesanato e confec\u00e7\u00e3o em tric\u00f4.<\/h5>\n<h5>Composi\u00e7\u00e3o: 100% Poli\u00e9ster<\/h5>\n<h5>Tex: 625<\/h5>\n<\/dd>\n<\/dl>\n<dl>\n<dd class=\"active\">\n<h5>Peso: 100g\/200m<br \/>\nAgulhas Para Tric\u00f4: 4,0mm a 5,0mm<\/h5>\n<\/dd>\n<\/dl>\n","protected":false},"featured_media":11980,"comment_status":"open","ping_status":"closed","template":"","meta":[],"product_brand":[],"product_cat":[1115],"product_tag":[],"class_list":{"0":"post-12002","1":"product","2":"type-product","3":"status-publish","4":"has-post-thumbnail","6":"product_cat-la","8":"first","9":"outofstock","10":"taxable","11":"shipping-taxable","12":"purchasable","13":"product-type-variable"},"_links":{"self":[{"href":"https:\/\/www.avmbianco.com.br\/site\/wp-json\/wp\/v2\/product\/12002","targetHints":{"allow":["GET"]}}],"collection":[{"href":"https:\/\/www.avmbianco.com.br\/site\/wp-json\/wp\/v2\/product"}],"about":[{"href":"https:\/\/www.avmbianco.com.br\/site\/wp-json\/wp\/v2\/types\/product"}],"replies":[{"embeddable":true,"href":"https:\/\/www.avmbianco.com.br\/site\/wp-json\/wp\/v2\/comments?post=12002"}],"wp:featuredmedia":[{"embeddable":true,"href":"https:\/\/www.avmbianco.com.br\/site\/wp-json\/wp\/v2\/media\/11980"}],"wp:attachment":[{"href":"https:\/\/www.avmbianco.com.br\/site\/wp-json\/wp\/v2\/media?parent=12002"}],"wp:term":[{"taxonomy":"product_brand","embeddable":true,"href":"https:\/\/www.avmbianco.com.br\/site\/wp-json\/wp\/v2\/product_brand?post=12002"},{"taxonomy":"product_cat","embeddable":true,"href":"https:\/\/www.avmbianco.com.br\/site\/wp-json\/wp\/v2\/product_cat?post=12002"},{"taxonomy":"product_tag","embeddable":true,"href":"https:\/\/www.avmbianco.com.br\/site\/wp-json\/wp\/v2\/product_tag?post=12002"}],"curies":[{"name":"wp","href":"https:\/\/api.w.org\/{rel}","templated":true}]}}