{"id":12023,"date":"2020-07-13T15:20:16","date_gmt":"2020-07-13T18:20:16","guid":{"rendered":"https:\/\/www.avmbianco.com.br\/site\/?post_type=product&#038;p=12023"},"modified":"2022-09-19T10:34:44","modified_gmt":"2022-09-19T13:34:44","slug":"la-pompom-mini","status":"publish","type":"product","link":"https:\/\/www.avmbianco.com.br\/site\/produto\/la-pompom-mini\/","title":{"rendered":"L\u00e3 Pompom Mini"},"content":{"rendered":"","protected":false},"excerpt":{"rendered":"<p>L\u00e3 pompom mini, para artesanato e confec\u00e7\u00e3o em tric\u00f4.<\/p>\n<p>Composi\u00e7\u00e3o: 65% Acr\u00edlico\/18% Poliamida\/17%Poli\u00e9ster<br \/>\nTex: 606<br \/>\nPeso: 100g\/165m<br \/>\nAgulhas Para Tric\u00f4: 6mm a 8mm<\/p>\n","protected":false},"featured_media":12025,"comment_status":"open","ping_status":"closed","template":"","meta":[],"product_brand":[],"product_cat":[1115],"product_tag":[],"class_list":{"0":"post-12023","1":"product","2":"type-product","3":"status-publish","4":"has-post-thumbnail","6":"product_cat-la","8":"first","9":"outofstock","10":"taxable","11":"shipping-taxable","12":"purchasable","13":"product-type-variable"},"_links":{"self":[{"href":"https:\/\/www.avmbianco.com.br\/site\/wp-json\/wp\/v2\/product\/12023","targetHints":{"allow":["GET"]}}],"collection":[{"href":"https:\/\/www.avmbianco.com.br\/site\/wp-json\/wp\/v2\/product"}],"about":[{"href":"https:\/\/www.avmbianco.com.br\/site\/wp-json\/wp\/v2\/types\/product"}],"replies":[{"embeddable":true,"href":"https:\/\/www.avmbianco.com.br\/site\/wp-json\/wp\/v2\/comments?post=12023"}],"wp:featuredmedia":[{"embeddable":true,"href":"https:\/\/www.avmbianco.com.br\/site\/wp-json\/wp\/v2\/media\/12025"}],"wp:attachment":[{"href":"https:\/\/www.avmbianco.com.br\/site\/wp-json\/wp\/v2\/media?parent=12023"}],"wp:term":[{"taxonomy":"product_brand","embeddable":true,"href":"https:\/\/www.avmbianco.com.br\/site\/wp-json\/wp\/v2\/product_brand?post=12023"},{"taxonomy":"product_cat","embeddable":true,"href":"https:\/\/www.avmbianco.com.br\/site\/wp-json\/wp\/v2\/product_cat?post=12023"},{"taxonomy":"product_tag","embeddable":true,"href":"https:\/\/www.avmbianco.com.br\/site\/wp-json\/wp\/v2\/product_tag?post=12023"}],"curies":[{"name":"wp","href":"https:\/\/api.w.org\/{rel}","templated":true}]}}