{"id":12057,"date":"2020-07-14T12:57:45","date_gmt":"2020-07-14T15:57:45","guid":{"rendered":"https:\/\/www.avmbianco.com.br\/site\/?post_type=product&#038;p=12057"},"modified":"2025-05-27T11:39:37","modified_gmt":"2025-05-27T14:39:37","slug":"cadarco-ponteirado-fashion","status":"publish","type":"product","link":"https:\/\/www.avmbianco.com.br\/site\/produto\/cadarco-ponteirado-fashion\/","title":{"rendered":"Cord\u00e3o Ponteirado"},"content":{"rendered":"","protected":false},"excerpt":{"rendered":"<p>Cadar\u00e7o\/atacador em Poli\u00e9ster ou\u00a0 com Ponteira cor neon<\/p>\n<p>Pacotes com 10p\u00e7<\/p>\n<h4 style=\"text-align: center;\"><strong>**Consulte pre\u00e7o no atacado e personaliza\u00e7\u00e3o da sua marca**<\/strong><\/h4>\n","protected":false},"featured_media":15909,"comment_status":"open","ping_status":"closed","template":"","meta":[],"product_brand":[],"product_cat":[179,440],"product_tag":[],"class_list":{"0":"post-12057","1":"product","2":"type-product","3":"status-publish","4":"has-post-thumbnail","6":"product_cat-cordao","7":"product_cat-ponteirado","9":"first","10":"instock","11":"taxable","12":"shipping-taxable","13":"purchasable","14":"product-type-variable"},"_links":{"self":[{"href":"https:\/\/www.avmbianco.com.br\/site\/wp-json\/wp\/v2\/product\/12057","targetHints":{"allow":["GET"]}}],"collection":[{"href":"https:\/\/www.avmbianco.com.br\/site\/wp-json\/wp\/v2\/product"}],"about":[{"href":"https:\/\/www.avmbianco.com.br\/site\/wp-json\/wp\/v2\/types\/product"}],"replies":[{"embeddable":true,"href":"https:\/\/www.avmbianco.com.br\/site\/wp-json\/wp\/v2\/comments?post=12057"}],"wp:featuredmedia":[{"embeddable":true,"href":"https:\/\/www.avmbianco.com.br\/site\/wp-json\/wp\/v2\/media\/15909"}],"wp:attachment":[{"href":"https:\/\/www.avmbianco.com.br\/site\/wp-json\/wp\/v2\/media?parent=12057"}],"wp:term":[{"taxonomy":"product_brand","embeddable":true,"href":"https:\/\/www.avmbianco.com.br\/site\/wp-json\/wp\/v2\/product_brand?post=12057"},{"taxonomy":"product_cat","embeddable":true,"href":"https:\/\/www.avmbianco.com.br\/site\/wp-json\/wp\/v2\/product_cat?post=12057"},{"taxonomy":"product_tag","embeddable":true,"href":"https:\/\/www.avmbianco.com.br\/site\/wp-json\/wp\/v2\/product_tag?post=12057"}],"curies":[{"name":"wp","href":"https:\/\/api.w.org\/{rel}","templated":true}]}}