{"id":12110,"date":"2020-07-16T12:46:15","date_gmt":"2020-07-16T15:46:15","guid":{"rendered":"https:\/\/www.avmbianco.com.br\/site\/?post_type=product&#038;p=12110"},"modified":"2025-10-03T15:02:07","modified_gmt":"2025-10-03T18:02:07","slug":"ziper-inverso-pu","status":"publish","type":"product","link":"https:\/\/www.avmbianco.com.br\/site\/produto\/ziper-inverso-pu\/","title":{"rendered":"Ziper Inverso PU"},"content":{"rendered":"<h6>Aten\u00e7\u00e3o: este z\u00edper n\u00e3o \u00e9 \u00e0 prova d&#8217;\u00e1gua, \u00e9 hidrorepelente (parcialmente imperme\u00e1vel), portanto n\u00e3o deve ser usado em roupas de mergulho ou fun\u00e7\u00f5es semelhantes.<\/h6>\n","protected":false},"excerpt":{"rendered":"<h6>Z\u00edper de poli\u00e9ster grosso, com cadar\u00e7o de poli\u00e9ster, revestido com filme de poliuretano na face externa; trilho invertido, por metro, para montagem.<br \/>\nAplicado externa ou internamente no fechamento de bolsos, decotes e outros detalhes, este z\u00edper cria efeito decorativo de impacto em roupas esportivas, pois o lado pl\u00e1stico \u00e9 totalmente aparente enquanto o trilho fica escondido na parte interna da roupa. A abertura \u00e9 praticamente invis\u00edvel. Utilizar cursor para z\u00edper de poli\u00e9ster grosso INVERTIDO , consulte os modelos dispon\u00edveis.<\/h6>\n<h4 style=\"text-align: center;\"><strong>Consulte Tamanhos Dispon\u00edveis\u00a0<\/strong><\/h4>\n<p>&nbsp;<\/p>\n","protected":false},"featured_media":12129,"comment_status":"open","ping_status":"closed","template":"","meta":[],"product_brand":[],"product_cat":[577],"product_tag":[],"class_list":{"0":"post-12110","1":"product","2":"type-product","3":"status-publish","4":"has-post-thumbnail","6":"product_cat-ziper","8":"first","9":"instock","10":"taxable","11":"shipping-taxable","12":"purchasable","13":"product-type-variable"},"_links":{"self":[{"href":"https:\/\/www.avmbianco.com.br\/site\/wp-json\/wp\/v2\/product\/12110","targetHints":{"allow":["GET"]}}],"collection":[{"href":"https:\/\/www.avmbianco.com.br\/site\/wp-json\/wp\/v2\/product"}],"about":[{"href":"https:\/\/www.avmbianco.com.br\/site\/wp-json\/wp\/v2\/types\/product"}],"replies":[{"embeddable":true,"href":"https:\/\/www.avmbianco.com.br\/site\/wp-json\/wp\/v2\/comments?post=12110"}],"wp:featuredmedia":[{"embeddable":true,"href":"https:\/\/www.avmbianco.com.br\/site\/wp-json\/wp\/v2\/media\/12129"}],"wp:attachment":[{"href":"https:\/\/www.avmbianco.com.br\/site\/wp-json\/wp\/v2\/media?parent=12110"}],"wp:term":[{"taxonomy":"product_brand","embeddable":true,"href":"https:\/\/www.avmbianco.com.br\/site\/wp-json\/wp\/v2\/product_brand?post=12110"},{"taxonomy":"product_cat","embeddable":true,"href":"https:\/\/www.avmbianco.com.br\/site\/wp-json\/wp\/v2\/product_cat?post=12110"},{"taxonomy":"product_tag","embeddable":true,"href":"https:\/\/www.avmbianco.com.br\/site\/wp-json\/wp\/v2\/product_tag?post=12110"}],"curies":[{"name":"wp","href":"https:\/\/api.w.org\/{rel}","templated":true}]}}