{"id":12217,"date":"2020-07-17T13:05:49","date_gmt":"2020-07-17T16:05:49","guid":{"rendered":"https:\/\/www.avmbianco.com.br\/site\/?post_type=product&#038;p=12217"},"modified":"2020-08-31T11:59:57","modified_gmt":"2020-08-31T14:59:57","slug":"meia-argola-ritas-260mm","status":"publish","type":"product","link":"https:\/\/www.avmbianco.com.br\/site\/produto\/meia-argola-ritas-260mm\/","title":{"rendered":"Meia Argola Ritas 260mm"},"content":{"rendered":"","protected":false},"excerpt":{"rendered":"<p>Feita com material de primeira linha, ela \u00e9 conhecida pelo seu \u00f3timo acabamento, cores vivas e limpas, a maior gama do mercado e alt\u00edssima qualidade. Ideal para artesanatos, bolsas, cortinas,vestu\u00e1rio entre outros.<\/p>\n<p><strong>Medidas<\/strong><br \/>\nLargura interna: 234 mm<br \/>\nEspessura: 11,8 mm<br \/>\nAltura do arco: 192 mm<br \/>\nEspessura do arco: 12 mm<\/p>\n<p>Composi\u00e7\u00e3o:Pl\u00e1stico<\/p>\n<p>Pacotes com 6p\u00e7<\/p>\n","protected":false},"featured_media":12191,"comment_status":"open","ping_status":"closed","template":"","meta":[],"product_brand":[],"product_cat":[1059],"product_tag":[],"class_list":{"0":"post-12217","1":"product","2":"type-product","3":"status-publish","4":"has-post-thumbnail","6":"product_cat-sem-categoria","8":"first","9":"outofstock","10":"taxable","11":"shipping-taxable","12":"purchasable","13":"product-type-variable"},"_links":{"self":[{"href":"https:\/\/www.avmbianco.com.br\/site\/wp-json\/wp\/v2\/product\/12217","targetHints":{"allow":["GET"]}}],"collection":[{"href":"https:\/\/www.avmbianco.com.br\/site\/wp-json\/wp\/v2\/product"}],"about":[{"href":"https:\/\/www.avmbianco.com.br\/site\/wp-json\/wp\/v2\/types\/product"}],"replies":[{"embeddable":true,"href":"https:\/\/www.avmbianco.com.br\/site\/wp-json\/wp\/v2\/comments?post=12217"}],"wp:featuredmedia":[{"embeddable":true,"href":"https:\/\/www.avmbianco.com.br\/site\/wp-json\/wp\/v2\/media\/12191"}],"wp:attachment":[{"href":"https:\/\/www.avmbianco.com.br\/site\/wp-json\/wp\/v2\/media?parent=12217"}],"wp:term":[{"taxonomy":"product_brand","embeddable":true,"href":"https:\/\/www.avmbianco.com.br\/site\/wp-json\/wp\/v2\/product_brand?post=12217"},{"taxonomy":"product_cat","embeddable":true,"href":"https:\/\/www.avmbianco.com.br\/site\/wp-json\/wp\/v2\/product_cat?post=12217"},{"taxonomy":"product_tag","embeddable":true,"href":"https:\/\/www.avmbianco.com.br\/site\/wp-json\/wp\/v2\/product_tag?post=12217"}],"curies":[{"name":"wp","href":"https:\/\/api.w.org\/{rel}","templated":true}]}}