{"id":12222,"date":"2020-07-20T11:49:52","date_gmt":"2020-07-20T14:49:52","guid":{"rendered":"https:\/\/www.avmbianco.com.br\/site\/?post_type=product&#038;p=12222"},"modified":"2020-08-31T11:58:17","modified_gmt":"2020-08-31T14:58:17","slug":"12222","status":"publish","type":"product","link":"https:\/\/www.avmbianco.com.br\/site\/produto\/12222\/","title":{"rendered":"Al\u00e7a Retangular 140mm"},"content":{"rendered":"","protected":false},"excerpt":{"rendered":"<p>Nossa Al\u00e7a Retangular \u00e9 fabricada com material de primeira linha, sendo amplamente conhecida pelo seu \u00f3timo acabamento, cores vivas e limpas. Ela \u00e9 ideal para o artesanato, na confec\u00e7\u00e3o de bolsas, entre outros, de pano, tric\u00f4 ou croch\u00ea.<\/p>\n<p>A Al\u00e7a Retangular est\u00e1 dispon\u00edvel em toda nossa cartela de cores, inclusive em tons neon, transparente e amadeirado.<\/p>\n<p><strong>Medidas<\/strong><\/p>\n<p>Largura interna: 142,7 mm<br \/>\nEspessura: 8,35 mm<br \/>\nAltura interna: 102,7 mm<\/p>\n<p>Cont\u00e9m:6 p\u00e7<\/p>\n","protected":false},"featured_media":12205,"comment_status":"open","ping_status":"closed","template":"","meta":[],"product_brand":[],"product_cat":[1059],"product_tag":[],"class_list":{"0":"post-12222","1":"product","2":"type-product","3":"status-publish","4":"has-post-thumbnail","6":"product_cat-sem-categoria","8":"first","9":"outofstock","10":"taxable","11":"shipping-taxable","12":"purchasable","13":"product-type-variable"},"_links":{"self":[{"href":"https:\/\/www.avmbianco.com.br\/site\/wp-json\/wp\/v2\/product\/12222","targetHints":{"allow":["GET"]}}],"collection":[{"href":"https:\/\/www.avmbianco.com.br\/site\/wp-json\/wp\/v2\/product"}],"about":[{"href":"https:\/\/www.avmbianco.com.br\/site\/wp-json\/wp\/v2\/types\/product"}],"replies":[{"embeddable":true,"href":"https:\/\/www.avmbianco.com.br\/site\/wp-json\/wp\/v2\/comments?post=12222"}],"wp:featuredmedia":[{"embeddable":true,"href":"https:\/\/www.avmbianco.com.br\/site\/wp-json\/wp\/v2\/media\/12205"}],"wp:attachment":[{"href":"https:\/\/www.avmbianco.com.br\/site\/wp-json\/wp\/v2\/media?parent=12222"}],"wp:term":[{"taxonomy":"product_brand","embeddable":true,"href":"https:\/\/www.avmbianco.com.br\/site\/wp-json\/wp\/v2\/product_brand?post=12222"},{"taxonomy":"product_cat","embeddable":true,"href":"https:\/\/www.avmbianco.com.br\/site\/wp-json\/wp\/v2\/product_cat?post=12222"},{"taxonomy":"product_tag","embeddable":true,"href":"https:\/\/www.avmbianco.com.br\/site\/wp-json\/wp\/v2\/product_tag?post=12222"}],"curies":[{"name":"wp","href":"https:\/\/api.w.org\/{rel}","templated":true}]}}