{"id":12292,"date":"2020-08-03T12:27:32","date_gmt":"2020-08-03T15:27:32","guid":{"rendered":"https:\/\/www.avmbianco.com.br\/site\/?post_type=product&#038;p=12292"},"modified":"2025-05-28T11:07:11","modified_gmt":"2025-05-28T14:07:11","slug":"cordao-trancado-preto-3047-5mm","status":"publish","type":"product","link":"https:\/\/www.avmbianco.com.br\/site\/produto\/cordao-trancado-preto-3047-5mm\/","title":{"rendered":"Cord\u00e3o Tran\u00e7ado Preto 3047  5mm"},"content":{"rendered":"","protected":false},"excerpt":{"rendered":"<p>Cord\u00e3o Tran\u00e7ado S\u00e3o Jos\u00e9 Preto<br \/>\nCont\u00e9m: 1 rolo com 50 metros<br \/>\nLargura: 5mm<br \/>\nComposi\u00e7\u00e3o: 100% Algod\u00e3o<\/p>\n<p>Cord\u00e3o para trabalhos de artesanato como suportes pendentes de vasos em macram\u00ea, bolsas, tric\u00f4, croch\u00ea, tapetes e etc&#8230;<\/p>\n<p>Fabricante: El\u00e1sticos S\u00e3o Jos\u00e9<\/p>\n","protected":false},"featured_media":12293,"comment_status":"open","ping_status":"closed","template":"","meta":[],"product_brand":[],"product_cat":[179],"product_tag":[],"class_list":{"0":"post-12292","1":"product","2":"type-product","3":"status-publish","4":"has-post-thumbnail","6":"product_cat-cordao","8":"first","9":"instock","10":"taxable","11":"shipping-taxable","12":"purchasable","13":"product-type-simple"},"_links":{"self":[{"href":"https:\/\/www.avmbianco.com.br\/site\/wp-json\/wp\/v2\/product\/12292","targetHints":{"allow":["GET"]}}],"collection":[{"href":"https:\/\/www.avmbianco.com.br\/site\/wp-json\/wp\/v2\/product"}],"about":[{"href":"https:\/\/www.avmbianco.com.br\/site\/wp-json\/wp\/v2\/types\/product"}],"replies":[{"embeddable":true,"href":"https:\/\/www.avmbianco.com.br\/site\/wp-json\/wp\/v2\/comments?post=12292"}],"wp:featuredmedia":[{"embeddable":true,"href":"https:\/\/www.avmbianco.com.br\/site\/wp-json\/wp\/v2\/media\/12293"}],"wp:attachment":[{"href":"https:\/\/www.avmbianco.com.br\/site\/wp-json\/wp\/v2\/media?parent=12292"}],"wp:term":[{"taxonomy":"product_brand","embeddable":true,"href":"https:\/\/www.avmbianco.com.br\/site\/wp-json\/wp\/v2\/product_brand?post=12292"},{"taxonomy":"product_cat","embeddable":true,"href":"https:\/\/www.avmbianco.com.br\/site\/wp-json\/wp\/v2\/product_cat?post=12292"},{"taxonomy":"product_tag","embeddable":true,"href":"https:\/\/www.avmbianco.com.br\/site\/wp-json\/wp\/v2\/product_tag?post=12292"}],"curies":[{"name":"wp","href":"https:\/\/api.w.org\/{rel}","templated":true}]}}