{"id":12334,"date":"2020-08-03T15:58:03","date_gmt":"2020-08-03T18:58:03","guid":{"rendered":"https:\/\/www.avmbianco.com.br\/site\/?post_type=product&#038;p=12334"},"modified":"2026-02-05T12:14:15","modified_gmt":"2026-02-05T15:14:15","slug":"cadarco-sarjado-sao-jose","status":"publish","type":"product","link":"https:\/\/www.avmbianco.com.br\/site\/produto\/cadarco-sarjado-sao-jose\/","title":{"rendered":"Cadar\u00e7o Sarjado S\u00e3o Jos\u00e9"},"content":{"rendered":"<p><img decoding=\"async\" src=\"https:\/\/oesteaviamentos.fbitsstatic.net\/img\/p\/cadarco-sao-jose-3010-10mm-c-50m-cru-71149\/285383.jpg?w=800&amp;h=800&amp;v=no-change\" alt=\"CADARCO SAO JOSE 3010-10MM C\/50M CRU\" \/><\/p>\n","protected":false},"excerpt":{"rendered":"<p>Composi\u00e7\u00e3o: 100% algod\u00e3o<\/p>\n<p>Cadar\u00e7o de excelente qualidade e resist\u00eancia, utilizado em confec\u00e7\u00f5es, refor\u00e7o de costura, detalhes. Como, por exemplo, sacolas, bolsas, mochilas, velas, etc.<\/p>\n","protected":false},"featured_media":12335,"comment_status":"open","ping_status":"closed","template":"","meta":[],"product_brand":[],"product_cat":[316,310],"product_tag":[],"class_list":{"0":"post-12334","1":"product","2":"type-product","3":"status-publish","4":"has-post-thumbnail","6":"product_cat-algodao","7":"product_cat-cadarco","9":"first","10":"instock","11":"taxable","12":"shipping-taxable","13":"purchasable","14":"product-type-variable"},"_links":{"self":[{"href":"https:\/\/www.avmbianco.com.br\/site\/wp-json\/wp\/v2\/product\/12334","targetHints":{"allow":["GET"]}}],"collection":[{"href":"https:\/\/www.avmbianco.com.br\/site\/wp-json\/wp\/v2\/product"}],"about":[{"href":"https:\/\/www.avmbianco.com.br\/site\/wp-json\/wp\/v2\/types\/product"}],"replies":[{"embeddable":true,"href":"https:\/\/www.avmbianco.com.br\/site\/wp-json\/wp\/v2\/comments?post=12334"}],"wp:featuredmedia":[{"embeddable":true,"href":"https:\/\/www.avmbianco.com.br\/site\/wp-json\/wp\/v2\/media\/12335"}],"wp:attachment":[{"href":"https:\/\/www.avmbianco.com.br\/site\/wp-json\/wp\/v2\/media?parent=12334"}],"wp:term":[{"taxonomy":"product_brand","embeddable":true,"href":"https:\/\/www.avmbianco.com.br\/site\/wp-json\/wp\/v2\/product_brand?post=12334"},{"taxonomy":"product_cat","embeddable":true,"href":"https:\/\/www.avmbianco.com.br\/site\/wp-json\/wp\/v2\/product_cat?post=12334"},{"taxonomy":"product_tag","embeddable":true,"href":"https:\/\/www.avmbianco.com.br\/site\/wp-json\/wp\/v2\/product_tag?post=12334"}],"curies":[{"name":"wp","href":"https:\/\/api.w.org\/{rel}","templated":true}]}}