{"id":12360,"date":"2020-08-04T09:35:08","date_gmt":"2020-08-04T12:35:08","guid":{"rendered":"https:\/\/www.avmbianco.com.br\/site\/?post_type=product&#038;p=12360"},"modified":"2025-05-27T15:40:16","modified_gmt":"2025-05-27T18:40:16","slug":"cordao-metalizado-8401-r","status":"publish","type":"product","link":"https:\/\/www.avmbianco.com.br\/site\/produto\/cordao-metalizado-8401-r\/","title":{"rendered":"Cord\u00e3o Metalizado 8401\/R"},"content":{"rendered":"","protected":false},"excerpt":{"rendered":"<div id=\"details_texts_description\">\n<p>Cord\u00e3o metalizado 8401 rolo com 50mt.<\/p>\n<p>Tamanho da largura: 5mm<\/p>\n<p>Fabricante: S\u00e3o Jos\u00e9<br \/>\nComposi\u00e7\u00e3o: 58% Algod\u00e3o, 28% Viscose e 14% Metalizado<\/p>\n<\/div>\n","protected":false},"featured_media":12358,"comment_status":"open","ping_status":"closed","template":"","meta":[],"product_brand":[],"product_cat":[179],"product_tag":[],"class_list":{"0":"post-12360","1":"product","2":"type-product","3":"status-publish","4":"has-post-thumbnail","6":"product_cat-cordao","8":"first","9":"instock","10":"taxable","11":"shipping-taxable","12":"purchasable","13":"product-type-variable"},"_links":{"self":[{"href":"https:\/\/www.avmbianco.com.br\/site\/wp-json\/wp\/v2\/product\/12360","targetHints":{"allow":["GET"]}}],"collection":[{"href":"https:\/\/www.avmbianco.com.br\/site\/wp-json\/wp\/v2\/product"}],"about":[{"href":"https:\/\/www.avmbianco.com.br\/site\/wp-json\/wp\/v2\/types\/product"}],"replies":[{"embeddable":true,"href":"https:\/\/www.avmbianco.com.br\/site\/wp-json\/wp\/v2\/comments?post=12360"}],"wp:featuredmedia":[{"embeddable":true,"href":"https:\/\/www.avmbianco.com.br\/site\/wp-json\/wp\/v2\/media\/12358"}],"wp:attachment":[{"href":"https:\/\/www.avmbianco.com.br\/site\/wp-json\/wp\/v2\/media?parent=12360"}],"wp:term":[{"taxonomy":"product_brand","embeddable":true,"href":"https:\/\/www.avmbianco.com.br\/site\/wp-json\/wp\/v2\/product_brand?post=12360"},{"taxonomy":"product_cat","embeddable":true,"href":"https:\/\/www.avmbianco.com.br\/site\/wp-json\/wp\/v2\/product_cat?post=12360"},{"taxonomy":"product_tag","embeddable":true,"href":"https:\/\/www.avmbianco.com.br\/site\/wp-json\/wp\/v2\/product_tag?post=12360"}],"curies":[{"name":"wp","href":"https:\/\/api.w.org\/{rel}","templated":true}]}}