{"id":12377,"date":"2020-08-11T09:22:16","date_gmt":"2020-08-11T12:22:16","guid":{"rendered":"https:\/\/www.avmbianco.com.br\/site\/?post_type=product&#038;p=12377"},"modified":"2025-05-27T15:31:49","modified_gmt":"2025-05-27T18:31:49","slug":"linha-camila-fashion","status":"publish","type":"product","link":"https:\/\/www.avmbianco.com.br\/site\/produto\/linha-camila-fashion\/","title":{"rendered":"Linha de Crochet Camila Fashion"},"content":{"rendered":"","protected":false},"excerpt":{"rendered":"<div id=\"details_texts_description\">Camila Fashion tem espessura mais grossa que a Camila, \u00e9 uma linha de croch\u00ea resistente, macia, brilhante e uniforme na espessura.<br \/>\nA qualidade do fio associada a uma grande diversidade de cores, garante um excelente resultado em seu projeto.<br \/>\nIdeal para todos os tipos de trabalhos em croch\u00ea e tric\u00f4.Composi\u00e7\u00e3o: 100% algod\u00e3o mercerizado<br \/>\nCont\u00e9m 500 metros<br \/>\nSugest\u00e3o de Agulhas:<br \/>\nAgulha niquelada para croch\u00ea 1,75mmFabricante: Coats Corrente<br \/>\nAgulha para tric\u00f4 de alum\u00ednio Corrente Milward n\u00ba003<\/p>\n<h4 style=\"text-align: center;\"><strong>Consulte Cores Dispon\u00edveis<\/strong><\/h4>\n<p><strong>OBS:Voc\u00ea pode misturar cores no pacote,consulte vendedores.<\/strong><\/p>\n<\/div>\n<div id=\"details_texts_prices\" class=\"details_texts_prices_4\">\n<div id=\"details-text\">\n<div id=\"details-text-price\"><\/div>\n<\/div>\n<\/div>\n","protected":false},"featured_media":12378,"comment_status":"open","ping_status":"closed","template":"","meta":[],"product_brand":[],"product_cat":[699],"product_tag":[],"class_list":{"0":"post-12377","1":"product","2":"type-product","3":"status-publish","4":"has-post-thumbnail","6":"product_cat-linha-crochet","8":"first","9":"outofstock","10":"taxable","11":"shipping-taxable","12":"purchasable","13":"product-type-variable"},"_links":{"self":[{"href":"https:\/\/www.avmbianco.com.br\/site\/wp-json\/wp\/v2\/product\/12377","targetHints":{"allow":["GET"]}}],"collection":[{"href":"https:\/\/www.avmbianco.com.br\/site\/wp-json\/wp\/v2\/product"}],"about":[{"href":"https:\/\/www.avmbianco.com.br\/site\/wp-json\/wp\/v2\/types\/product"}],"replies":[{"embeddable":true,"href":"https:\/\/www.avmbianco.com.br\/site\/wp-json\/wp\/v2\/comments?post=12377"}],"wp:featuredmedia":[{"embeddable":true,"href":"https:\/\/www.avmbianco.com.br\/site\/wp-json\/wp\/v2\/media\/12378"}],"wp:attachment":[{"href":"https:\/\/www.avmbianco.com.br\/site\/wp-json\/wp\/v2\/media?parent=12377"}],"wp:term":[{"taxonomy":"product_brand","embeddable":true,"href":"https:\/\/www.avmbianco.com.br\/site\/wp-json\/wp\/v2\/product_brand?post=12377"},{"taxonomy":"product_cat","embeddable":true,"href":"https:\/\/www.avmbianco.com.br\/site\/wp-json\/wp\/v2\/product_cat?post=12377"},{"taxonomy":"product_tag","embeddable":true,"href":"https:\/\/www.avmbianco.com.br\/site\/wp-json\/wp\/v2\/product_tag?post=12377"}],"curies":[{"name":"wp","href":"https:\/\/api.w.org\/{rel}","templated":true}]}}