{"id":12441,"date":"2020-08-26T16:52:35","date_gmt":"2020-08-26T19:52:35","guid":{"rendered":"https:\/\/www.avmbianco.com.br\/site\/?post_type=product&#038;p=12441"},"modified":"2025-05-27T15:29:10","modified_gmt":"2025-05-27T18:29:10","slug":"terminal-de-trilho-p-cortina","status":"publish","type":"product","link":"https:\/\/www.avmbianco.com.br\/site\/produto\/terminal-de-trilho-p-cortina\/","title":{"rendered":"Terminal de Trilho P\/ Cortina"},"content":{"rendered":"<p><img decoding=\"async\" src=\"https:\/\/http2.mlstatic.com\/terminal-trilho-cortina-metal-com-pitao-kit-10-unidades-D_NQ_NP_944566-MLB41385109073_042020-F.webp\" \/><\/p>\n","protected":false},"excerpt":{"rendered":"<p data-adtags-visited=\"true\">Seu papel e essencial por n\u00e3o permitir que a cortina escape do trilho.<\/p>\n<p data-adtags-visited=\"true\">Tamb\u00e9m serve para imobilizar a cortina nas extremidades. Como assim? \u00c9 s\u00f3 voc\u00ea dar uns pontinhos com agulha e Linha fixando sua cortina no terminal, assim ela s\u00f3 abrir\u00e1 em um \u00fanico sentido.<\/p>\n<p data-adtags-visited=\"true\">Pacotes com 50p\u00e7<\/p>\n","protected":false},"featured_media":12431,"comment_status":"open","ping_status":"closed","template":"","meta":[],"product_brand":[],"product_cat":[23,1171],"product_tag":[],"class_list":{"0":"post-12441","1":"product","2":"type-product","3":"status-publish","4":"has-post-thumbnail","6":"product_cat-acessorios","7":"product_cat-cortina","9":"first","10":"outofstock","11":"taxable","12":"shipping-taxable","13":"purchasable","14":"product-type-simple"},"_links":{"self":[{"href":"https:\/\/www.avmbianco.com.br\/site\/wp-json\/wp\/v2\/product\/12441","targetHints":{"allow":["GET"]}}],"collection":[{"href":"https:\/\/www.avmbianco.com.br\/site\/wp-json\/wp\/v2\/product"}],"about":[{"href":"https:\/\/www.avmbianco.com.br\/site\/wp-json\/wp\/v2\/types\/product"}],"replies":[{"embeddable":true,"href":"https:\/\/www.avmbianco.com.br\/site\/wp-json\/wp\/v2\/comments?post=12441"}],"wp:featuredmedia":[{"embeddable":true,"href":"https:\/\/www.avmbianco.com.br\/site\/wp-json\/wp\/v2\/media\/12431"}],"wp:attachment":[{"href":"https:\/\/www.avmbianco.com.br\/site\/wp-json\/wp\/v2\/media?parent=12441"}],"wp:term":[{"taxonomy":"product_brand","embeddable":true,"href":"https:\/\/www.avmbianco.com.br\/site\/wp-json\/wp\/v2\/product_brand?post=12441"},{"taxonomy":"product_cat","embeddable":true,"href":"https:\/\/www.avmbianco.com.br\/site\/wp-json\/wp\/v2\/product_cat?post=12441"},{"taxonomy":"product_tag","embeddable":true,"href":"https:\/\/www.avmbianco.com.br\/site\/wp-json\/wp\/v2\/product_tag?post=12441"}],"curies":[{"name":"wp","href":"https:\/\/api.w.org\/{rel}","templated":true}]}}