{"id":12524,"date":"2020-09-03T09:41:58","date_gmt":"2020-09-03T12:41:58","guid":{"rendered":"https:\/\/www.avmbianco.com.br\/site\/?post_type=product&#038;p=12524"},"modified":"2022-05-26T14:33:33","modified_gmt":"2022-05-26T17:33:33","slug":"caneta-color-marker-base-de-oleo","status":"publish","type":"product","link":"https:\/\/www.avmbianco.com.br\/site\/produto\/caneta-color-marker-base-de-oleo\/","title":{"rendered":"Caneta Color Marker Base de \u00d3leo"},"content":{"rendered":"","protected":false},"excerpt":{"rendered":"<p>O Marcador Color Marler branco base \u00e1gua \u00e9 ideal para ser aplicado em diversas superf\u00edcies como MDF, Cer\u00e2mica , PET,<\/p>\n<p>Metal, Porcelanas, Papel, Tecidos, Gesso e Isopor.<\/p>\n<p>As cores s\u00e3o fortes e vibrantes . Possui boa cobertura.<\/p>\n<p>Para utilizar o marcador agite antes de usar com a tampa fechada para misturar o pigmento . Vire\u00a0a ponta para baixo e pressione at\u00e9 que a tinta comece a sair.<\/p>\n<p>Ponta m\u00e9dia 5mm<\/p>\n<p>Marca:Acrilex<\/p>\n","protected":false},"featured_media":12526,"comment_status":"open","ping_status":"closed","template":"","meta":[],"product_brand":[],"product_cat":[95],"product_tag":[],"class_list":{"0":"post-12524","1":"product","2":"type-product","3":"status-publish","4":"has-post-thumbnail","6":"product_cat-caneta","8":"first","9":"outofstock","10":"taxable","11":"shipping-taxable","12":"purchasable","13":"product-type-simple"},"_links":{"self":[{"href":"https:\/\/www.avmbianco.com.br\/site\/wp-json\/wp\/v2\/product\/12524","targetHints":{"allow":["GET"]}}],"collection":[{"href":"https:\/\/www.avmbianco.com.br\/site\/wp-json\/wp\/v2\/product"}],"about":[{"href":"https:\/\/www.avmbianco.com.br\/site\/wp-json\/wp\/v2\/types\/product"}],"replies":[{"embeddable":true,"href":"https:\/\/www.avmbianco.com.br\/site\/wp-json\/wp\/v2\/comments?post=12524"}],"wp:featuredmedia":[{"embeddable":true,"href":"https:\/\/www.avmbianco.com.br\/site\/wp-json\/wp\/v2\/media\/12526"}],"wp:attachment":[{"href":"https:\/\/www.avmbianco.com.br\/site\/wp-json\/wp\/v2\/media?parent=12524"}],"wp:term":[{"taxonomy":"product_brand","embeddable":true,"href":"https:\/\/www.avmbianco.com.br\/site\/wp-json\/wp\/v2\/product_brand?post=12524"},{"taxonomy":"product_cat","embeddable":true,"href":"https:\/\/www.avmbianco.com.br\/site\/wp-json\/wp\/v2\/product_cat?post=12524"},{"taxonomy":"product_tag","embeddable":true,"href":"https:\/\/www.avmbianco.com.br\/site\/wp-json\/wp\/v2\/product_tag?post=12524"}],"curies":[{"name":"wp","href":"https:\/\/api.w.org\/{rel}","templated":true}]}}