{"id":12532,"date":"2020-09-14T12:10:43","date_gmt":"2020-09-14T15:10:43","guid":{"rendered":"https:\/\/www.avmbianco.com.br\/site\/?post_type=product&#038;p=12532"},"modified":"2025-06-03T14:28:59","modified_gmt":"2025-06-03T17:28:59","slug":"alca-de-algodao-reforcada-mw-433","status":"publish","type":"product","link":"https:\/\/www.avmbianco.com.br\/site\/produto\/alca-de-algodao-reforcada-mw-433\/","title":{"rendered":"Al\u00e7a de Algod\u00e3o Refor\u00e7ada MW-433"},"content":{"rendered":"<p><img decoding=\"async\" src=\"https:\/\/d26lpennugtm8s.cloudfront.net\/stores\/600\/656\/products\/img_30511-a76111208a494b1b2c15983764390515-480-0.jpg\" alt=\"Al\u00e7a de Algod\u00e3o Refor\u00e7ada 3 cm Vermelho com faixa Cru - MW 433\" \/><\/p>\n<p><img decoding=\"async\" src=\"https:\/\/d26lpennugtm8s.cloudfront.net\/stores\/600\/656\/products\/img_304711-123efcfc003ff3716615983771127598-480-0.jpg\" alt=\"Al\u00e7a de Algod\u00e3o Refor\u00e7ada 3 cm Preto com faixa Cru - MW 433\" \/><\/p>\n<p><img decoding=\"async\" src=\"https:\/\/d26lpennugtm8s.cloudfront.net\/stores\/600\/656\/products\/img_304911-d17e0431230357753215983767119393-480-0.jpg\" alt=\"Al\u00e7a de Algod\u00e3o Refor\u00e7ada 3 cm Pink com faixa Cru - MW 433\" \/><\/p>\n","protected":false},"excerpt":{"rendered":"<p>Al\u00e7a de Algod\u00e3o muito utilizado em bolsas, mochilas, malas, sacolas e muito mais.<\/p>\n<p>Material: 100% Algod\u00e3o<\/p>\n<p>Largura: 33mm<\/p>\n<p>Rolos com 20mts<\/p>\n<p>Unidade de Venda: 01 Rolo<\/p>\n<p>Marca: Marwan<\/p>\n<h4 style=\"text-align: center;\">**Consulte Cores Dispon\u00edveis**<\/h4>\n","protected":false},"featured_media":12533,"comment_status":"open","ping_status":"closed","template":"","meta":[],"product_brand":[],"product_cat":[316,310],"product_tag":[],"class_list":{"0":"post-12532","1":"product","2":"type-product","3":"status-publish","4":"has-post-thumbnail","6":"product_cat-algodao","7":"product_cat-cadarco","9":"first","10":"instock","11":"taxable","12":"shipping-taxable","13":"purchasable","14":"product-type-variable"},"_links":{"self":[{"href":"https:\/\/www.avmbianco.com.br\/site\/wp-json\/wp\/v2\/product\/12532","targetHints":{"allow":["GET"]}}],"collection":[{"href":"https:\/\/www.avmbianco.com.br\/site\/wp-json\/wp\/v2\/product"}],"about":[{"href":"https:\/\/www.avmbianco.com.br\/site\/wp-json\/wp\/v2\/types\/product"}],"replies":[{"embeddable":true,"href":"https:\/\/www.avmbianco.com.br\/site\/wp-json\/wp\/v2\/comments?post=12532"}],"wp:featuredmedia":[{"embeddable":true,"href":"https:\/\/www.avmbianco.com.br\/site\/wp-json\/wp\/v2\/media\/12533"}],"wp:attachment":[{"href":"https:\/\/www.avmbianco.com.br\/site\/wp-json\/wp\/v2\/media?parent=12532"}],"wp:term":[{"taxonomy":"product_brand","embeddable":true,"href":"https:\/\/www.avmbianco.com.br\/site\/wp-json\/wp\/v2\/product_brand?post=12532"},{"taxonomy":"product_cat","embeddable":true,"href":"https:\/\/www.avmbianco.com.br\/site\/wp-json\/wp\/v2\/product_cat?post=12532"},{"taxonomy":"product_tag","embeddable":true,"href":"https:\/\/www.avmbianco.com.br\/site\/wp-json\/wp\/v2\/product_tag?post=12532"}],"curies":[{"name":"wp","href":"https:\/\/api.w.org\/{rel}","templated":true}]}}