{"id":12772,"date":"2021-03-17T12:59:30","date_gmt":"2021-03-17T15:59:30","guid":{"rendered":"https:\/\/www.avmbianco.com.br\/site\/?post_type=product&#038;p=12772"},"modified":"2025-06-03T11:46:08","modified_gmt":"2025-06-03T14:46:08","slug":"mosquetao-style-poliacetal","status":"publish","type":"product","link":"https:\/\/www.avmbianco.com.br\/site\/produto\/mosquetao-style-poliacetal\/","title":{"rendered":"Mosquet\u00e3o Style Poliacetal"},"content":{"rendered":"","protected":false},"excerpt":{"rendered":"<p>Mosquet\u00e3o Style fabricado em poliacetal com fecho em metal, dispon\u00edvel em diferentes tamanhos. Possui excelente durabilidade. Pode ser utilizado em mochilas e bolsas, nos segmentos n\u00e1utico, pet shop, selaria, cal\u00e7ados, capotaria, entre outros.<\/p>\n","protected":false},"featured_media":12756,"comment_status":"open","ping_status":"closed","template":"","meta":[],"product_brand":[],"product_cat":[23,920],"product_tag":[],"class_list":{"0":"post-12772","1":"product","2":"type-product","3":"status-publish","4":"has-post-thumbnail","6":"product_cat-acessorios","7":"product_cat-fecho-de-mochila","8":"pa_largura-38-mm","9":"pa_largura-50-mm","11":"first","12":"onbackorder","13":"taxable","14":"shipping-taxable","15":"purchasable","16":"product-type-variable"},"_links":{"self":[{"href":"https:\/\/www.avmbianco.com.br\/site\/wp-json\/wp\/v2\/product\/12772","targetHints":{"allow":["GET"]}}],"collection":[{"href":"https:\/\/www.avmbianco.com.br\/site\/wp-json\/wp\/v2\/product"}],"about":[{"href":"https:\/\/www.avmbianco.com.br\/site\/wp-json\/wp\/v2\/types\/product"}],"replies":[{"embeddable":true,"href":"https:\/\/www.avmbianco.com.br\/site\/wp-json\/wp\/v2\/comments?post=12772"}],"wp:featuredmedia":[{"embeddable":true,"href":"https:\/\/www.avmbianco.com.br\/site\/wp-json\/wp\/v2\/media\/12756"}],"wp:attachment":[{"href":"https:\/\/www.avmbianco.com.br\/site\/wp-json\/wp\/v2\/media?parent=12772"}],"wp:term":[{"taxonomy":"product_brand","embeddable":true,"href":"https:\/\/www.avmbianco.com.br\/site\/wp-json\/wp\/v2\/product_brand?post=12772"},{"taxonomy":"product_cat","embeddable":true,"href":"https:\/\/www.avmbianco.com.br\/site\/wp-json\/wp\/v2\/product_cat?post=12772"},{"taxonomy":"product_tag","embeddable":true,"href":"https:\/\/www.avmbianco.com.br\/site\/wp-json\/wp\/v2\/product_tag?post=12772"}],"curies":[{"name":"wp","href":"https:\/\/api.w.org\/{rel}","templated":true}]}}