{"id":12889,"date":"2021-04-14T15:27:23","date_gmt":"2021-04-14T18:27:23","guid":{"rendered":"https:\/\/www.avmbianco.com.br\/site\/?post_type=product&#038;p=12889"},"modified":"2023-11-14T12:58:40","modified_gmt":"2023-11-14T15:58:40","slug":"agulha-de-mao-713-para-bordar","status":"publish","type":"product","link":"https:\/\/www.avmbianco.com.br\/site\/produto\/agulha-de-mao-713-para-bordar\/","title":{"rendered":"Agulha de M\u00e3o 713 Para Bordar"},"content":{"rendered":"<p><img decoding=\"async\" src=\"https:\/\/www.armarinhosaojose.com.br\/octopus\/design\/images\/94\/products\/t\/tamanhos-agulha-tapestry.jpg\" alt=\"Agulha de M\u00e3o Tapestry ba 713 para Bordar c\/06 unidades\" \/><\/p>\n","protected":false},"excerpt":{"rendered":"<p>Agulha de M\u00e3o Tapestry ba 713 para Bordar<br \/>\nCont\u00e9m: 1 Envelope com 06 unidades<br \/>\nComposi\u00e7\u00e3o: A\u00e7o Niquelado<\/p>\n<p>Para bordar em tecidos de fios cont\u00e1veis. Possuem a ponta arredondada e o olho largo para que os fios mais grossos entrem facilmente. Ideal tamb\u00e9m para fazer acabamento de pe\u00e7as de tric\u00f4 e croch\u00ea.<br \/>\n<b>BA713: Blister com 06 unidades:<\/b><br \/>\n1 agulha n\u00ba 02<br \/>\n1 agulha n\u00ba18<br \/>\n2 agulhas n\u00ba22<br \/>\n2 agulhas n\u00ba24<\/p>\n","protected":false},"featured_media":12886,"comment_status":"open","ping_status":"closed","template":"","meta":[],"product_brand":[],"product_cat":[29,31],"product_tag":[],"class_list":{"0":"post-12889","1":"product","2":"type-product","3":"status-publish","4":"has-post-thumbnail","6":"product_cat-agulhas","7":"product_cat-mao","9":"first","10":"outofstock","11":"taxable","12":"shipping-taxable","13":"purchasable","14":"product-type-simple"},"_links":{"self":[{"href":"https:\/\/www.avmbianco.com.br\/site\/wp-json\/wp\/v2\/product\/12889","targetHints":{"allow":["GET"]}}],"collection":[{"href":"https:\/\/www.avmbianco.com.br\/site\/wp-json\/wp\/v2\/product"}],"about":[{"href":"https:\/\/www.avmbianco.com.br\/site\/wp-json\/wp\/v2\/types\/product"}],"replies":[{"embeddable":true,"href":"https:\/\/www.avmbianco.com.br\/site\/wp-json\/wp\/v2\/comments?post=12889"}],"wp:featuredmedia":[{"embeddable":true,"href":"https:\/\/www.avmbianco.com.br\/site\/wp-json\/wp\/v2\/media\/12886"}],"wp:attachment":[{"href":"https:\/\/www.avmbianco.com.br\/site\/wp-json\/wp\/v2\/media?parent=12889"}],"wp:term":[{"taxonomy":"product_brand","embeddable":true,"href":"https:\/\/www.avmbianco.com.br\/site\/wp-json\/wp\/v2\/product_brand?post=12889"},{"taxonomy":"product_cat","embeddable":true,"href":"https:\/\/www.avmbianco.com.br\/site\/wp-json\/wp\/v2\/product_cat?post=12889"},{"taxonomy":"product_tag","embeddable":true,"href":"https:\/\/www.avmbianco.com.br\/site\/wp-json\/wp\/v2\/product_tag?post=12889"}],"curies":[{"name":"wp","href":"https:\/\/api.w.org\/{rel}","templated":true}]}}