{"id":13008,"date":"2021-05-25T15:49:38","date_gmt":"2021-05-25T18:49:38","guid":{"rendered":"https:\/\/www.avmbianco.com.br\/site\/?post_type=product&#038;p=13008"},"modified":"2025-06-03T16:02:38","modified_gmt":"2025-06-03T19:02:38","slug":"elastico-zanotti-pardal-7-6mm","status":"publish","type":"product","link":"https:\/\/www.avmbianco.com.br\/site\/produto\/elastico-zanotti-pardal-7-6mm\/","title":{"rendered":"Elastico Zanotti Pardal 7 (6mm)"},"content":{"rendered":"","protected":false},"excerpt":{"rendered":"<p>Pardal 7(6mm) \u00e9 um el\u00e1stico com excelente durabilidade e excelente resist\u00eancia, utilizado para confec\u00e7\u00f5es e artesanato. Pode ser aplicado em bermudas, camisetas, cal\u00e7as, vestido e muito mais.<\/p>\n<p>Cor Branco<\/p>\n<p>Composi\u00e7\u00e3o: 67% poli\u00e9ster e 33% elastiodeno<\/p>\n<p>&nbsp;<\/p>\n","protected":false},"featured_media":13009,"comment_status":"open","ping_status":"closed","template":"","meta":[],"product_brand":[],"product_cat":[19],"product_tag":[],"class_list":{"0":"post-13008","1":"product","2":"type-product","3":"status-publish","4":"has-post-thumbnail","6":"product_cat-elasticos","8":"first","9":"instock","10":"taxable","11":"shipping-taxable","12":"purchasable","13":"product-type-simple"},"_links":{"self":[{"href":"https:\/\/www.avmbianco.com.br\/site\/wp-json\/wp\/v2\/product\/13008","targetHints":{"allow":["GET"]}}],"collection":[{"href":"https:\/\/www.avmbianco.com.br\/site\/wp-json\/wp\/v2\/product"}],"about":[{"href":"https:\/\/www.avmbianco.com.br\/site\/wp-json\/wp\/v2\/types\/product"}],"replies":[{"embeddable":true,"href":"https:\/\/www.avmbianco.com.br\/site\/wp-json\/wp\/v2\/comments?post=13008"}],"wp:featuredmedia":[{"embeddable":true,"href":"https:\/\/www.avmbianco.com.br\/site\/wp-json\/wp\/v2\/media\/13009"}],"wp:attachment":[{"href":"https:\/\/www.avmbianco.com.br\/site\/wp-json\/wp\/v2\/media?parent=13008"}],"wp:term":[{"taxonomy":"product_brand","embeddable":true,"href":"https:\/\/www.avmbianco.com.br\/site\/wp-json\/wp\/v2\/product_brand?post=13008"},{"taxonomy":"product_cat","embeddable":true,"href":"https:\/\/www.avmbianco.com.br\/site\/wp-json\/wp\/v2\/product_cat?post=13008"},{"taxonomy":"product_tag","embeddable":true,"href":"https:\/\/www.avmbianco.com.br\/site\/wp-json\/wp\/v2\/product_tag?post=13008"}],"curies":[{"name":"wp","href":"https:\/\/api.w.org\/{rel}","templated":true}]}}