{"id":13095,"date":"2021-07-30T14:28:52","date_gmt":"2021-07-30T17:28:52","guid":{"rendered":"https:\/\/www.avmbianco.com.br\/site\/?post_type=product&#038;p=13095"},"modified":"2025-09-26T09:53:48","modified_gmt":"2025-09-26T12:53:48","slug":"13095","status":"publish","type":"product","link":"https:\/\/www.avmbianco.com.br\/site\/produto\/13095\/","title":{"rendered":"Fio N\u00e1utico Circulo"},"content":{"rendered":"<p><img decoding=\"async\" src=\"https:\/\/www.armarinhosaojose.com.br\/octopus\/design\/images\/94\/products\/o\/detalhe2-fio-nautico-circulo-5mm-500gr-s-1.jpg\" \/><\/p>\n","protected":false},"excerpt":{"rendered":"<p>Fio N\u00e1utico Circulo Tex 2400<br \/>\nCont\u00e9m: 1 unidade de 500 gramas &#8211; 208 metros<br \/>\nLargura: 5mm<br \/>\nComposi\u00e7\u00e3o: 100% Polipropileno<br \/>\n<b>Agulhas Recomendadas:<\/b>\u00a0Croch\u00ea- 5.0mm \u00e0 7.0mm | Tric\u00f4- 7.0mm \u00e0 9.0mm<\/p>\n<p>O Fio N\u00e1utico \u00e9 um produto que re\u00fane qualidade e modernidade. Tend\u00eancia internacional, ele \u00e9 leve, macio, regular e n\u00e3o absorve \u00e1gua. Ideal para produ\u00e7\u00f5es de acess\u00f3rios de moda e decora\u00e7\u00e3o em croch\u00ea e tric\u00f4, o Fio N\u00e1utico conta com v\u00e1rias cores na cartela para alegrar todos os tipos de trabalho.<\/p>\n<p>Fabricante: C\u00edrculo<\/p>\n","protected":false},"featured_media":13096,"comment_status":"open","ping_status":"closed","template":"","meta":[],"product_brand":[],"product_cat":[641],"product_tag":[],"class_list":{"0":"post-13095","1":"product","2":"type-product","3":"status-publish","4":"has-post-thumbnail","6":"product_cat-fio","8":"first","9":"instock","10":"taxable","11":"shipping-taxable","12":"purchasable","13":"product-type-variable"},"_links":{"self":[{"href":"https:\/\/www.avmbianco.com.br\/site\/wp-json\/wp\/v2\/product\/13095","targetHints":{"allow":["GET"]}}],"collection":[{"href":"https:\/\/www.avmbianco.com.br\/site\/wp-json\/wp\/v2\/product"}],"about":[{"href":"https:\/\/www.avmbianco.com.br\/site\/wp-json\/wp\/v2\/types\/product"}],"replies":[{"embeddable":true,"href":"https:\/\/www.avmbianco.com.br\/site\/wp-json\/wp\/v2\/comments?post=13095"}],"wp:featuredmedia":[{"embeddable":true,"href":"https:\/\/www.avmbianco.com.br\/site\/wp-json\/wp\/v2\/media\/13096"}],"wp:attachment":[{"href":"https:\/\/www.avmbianco.com.br\/site\/wp-json\/wp\/v2\/media?parent=13095"}],"wp:term":[{"taxonomy":"product_brand","embeddable":true,"href":"https:\/\/www.avmbianco.com.br\/site\/wp-json\/wp\/v2\/product_brand?post=13095"},{"taxonomy":"product_cat","embeddable":true,"href":"https:\/\/www.avmbianco.com.br\/site\/wp-json\/wp\/v2\/product_cat?post=13095"},{"taxonomy":"product_tag","embeddable":true,"href":"https:\/\/www.avmbianco.com.br\/site\/wp-json\/wp\/v2\/product_tag?post=13095"}],"curies":[{"name":"wp","href":"https:\/\/api.w.org\/{rel}","templated":true}]}}