{"id":13222,"date":"2021-10-20T11:27:47","date_gmt":"2021-10-20T14:27:47","guid":{"rendered":"https:\/\/www.avmbianco.com.br\/site\/?post_type=product&#038;p=13222"},"modified":"2025-11-14T11:56:04","modified_gmt":"2025-11-14T14:56:04","slug":"tesoura-1990-9","status":"publish","type":"product","link":"https:\/\/www.avmbianco.com.br\/site\/produto\/tesoura-1990-9\/","title":{"rendered":"Tesoura 1990-9"},"content":{"rendered":"","protected":false},"excerpt":{"rendered":"<p>DESCRI\u00c7\u00c3O:<br \/>\n\u2013 TESOURA DE COSTURA SUPERFIO<br \/>\n\u2013 A SUPERFIO \u00e9 uma linha completa de tesoura que atendem necessidade diversas de corte.<br \/>\n\u2013 As tesouras possuem laminas temperadas em a\u00e7o inoxid\u00e1vel.<br \/>\n\u2013 Cabo ergon\u00f4mico em polipropileno. argola com mat\u00e9ria soft para maior ader\u00eancia e conforto durante o uso e sistema de fixa\u00e7\u00e3o com parafuso em a\u00e7o carbono para maior seguran\u00e7a e desempenho.<br \/>\n\u2013 Material: A\u00e7o Inoxid\u00e1vel e Polipropileno.<br \/>\n\u2013 Cor: AZUL<br \/>\n\u2013 Marca: Mundial<\/p>\n<p>-CUIDADOS<br \/>\n\u2013 Guardar a tesoura limpa, seca e em local seguro.<br \/>\n\u2013 Colocar uma gota de \u00f3leo lubrificante entre a l\u00e2mina e o parafuso quando necess\u00e1rio.<br \/>\n\u2013 Mantenha fora do alcance de crian\u00e7as.<br \/>\n\u2013 Produto cortante, tenha cuidado ao manusear.<\/p>\n","protected":false},"featured_media":13223,"comment_status":"open","ping_status":"closed","template":"","meta":[],"product_brand":[],"product_cat":[123],"product_tag":[],"class_list":{"0":"post-13222","1":"product","2":"type-product","3":"status-publish","4":"has-post-thumbnail","6":"product_cat-tesouras","8":"first","9":"instock","10":"taxable","11":"shipping-taxable","12":"purchasable","13":"product-type-simple"},"_links":{"self":[{"href":"https:\/\/www.avmbianco.com.br\/site\/wp-json\/wp\/v2\/product\/13222","targetHints":{"allow":["GET"]}}],"collection":[{"href":"https:\/\/www.avmbianco.com.br\/site\/wp-json\/wp\/v2\/product"}],"about":[{"href":"https:\/\/www.avmbianco.com.br\/site\/wp-json\/wp\/v2\/types\/product"}],"replies":[{"embeddable":true,"href":"https:\/\/www.avmbianco.com.br\/site\/wp-json\/wp\/v2\/comments?post=13222"}],"wp:featuredmedia":[{"embeddable":true,"href":"https:\/\/www.avmbianco.com.br\/site\/wp-json\/wp\/v2\/media\/13223"}],"wp:attachment":[{"href":"https:\/\/www.avmbianco.com.br\/site\/wp-json\/wp\/v2\/media?parent=13222"}],"wp:term":[{"taxonomy":"product_brand","embeddable":true,"href":"https:\/\/www.avmbianco.com.br\/site\/wp-json\/wp\/v2\/product_brand?post=13222"},{"taxonomy":"product_cat","embeddable":true,"href":"https:\/\/www.avmbianco.com.br\/site\/wp-json\/wp\/v2\/product_cat?post=13222"},{"taxonomy":"product_tag","embeddable":true,"href":"https:\/\/www.avmbianco.com.br\/site\/wp-json\/wp\/v2\/product_tag?post=13222"}],"curies":[{"name":"wp","href":"https:\/\/api.w.org\/{rel}","templated":true}]}}