{"id":13225,"date":"2021-10-20T11:47:33","date_gmt":"2021-10-20T14:47:33","guid":{"rendered":"https:\/\/www.avmbianco.com.br\/site\/?post_type=product&#038;p=13225"},"modified":"2024-04-15T10:24:09","modified_gmt":"2024-04-15T13:24:09","slug":"13225","status":"publish","type":"product","link":"https:\/\/www.avmbianco.com.br\/site\/produto\/13225\/","title":{"rendered":"Tesoura 790-9 Fantasy"},"content":{"rendered":"","protected":false},"excerpt":{"rendered":"<p>As tesoura da LINHA 700 s\u00e3o leves e confort\u00e1veis de usar, possuem cabos anat\u00f4micos para seu total conforto. Muit\u00edssimo afiadas, com excepcional resist\u00eancia e durabilidade.<br \/>\n<b>Informa\u00e7\u00f5es T\u00e9cnicas<\/b><br \/>\nMarca: Mundial<br \/>\nCont\u00e9m: 1 Unidade<br \/>\nReferencia: 790-9<br \/>\nComprimento: 24 Cm<br \/>\nComposi\u00e7\u00e3o: Resina termopl\u00e1stica e A\u00e7o inoxid\u00e1vel<\/p>\n","protected":false},"featured_media":13231,"comment_status":"open","ping_status":"closed","template":"","meta":[],"product_brand":[],"product_cat":[123],"product_tag":[],"class_list":{"0":"post-13225","1":"product","2":"type-product","3":"status-publish","4":"has-post-thumbnail","6":"product_cat-tesouras","8":"first","9":"outofstock","10":"taxable","11":"shipping-taxable","12":"purchasable","13":"product-type-variable"},"_links":{"self":[{"href":"https:\/\/www.avmbianco.com.br\/site\/wp-json\/wp\/v2\/product\/13225","targetHints":{"allow":["GET"]}}],"collection":[{"href":"https:\/\/www.avmbianco.com.br\/site\/wp-json\/wp\/v2\/product"}],"about":[{"href":"https:\/\/www.avmbianco.com.br\/site\/wp-json\/wp\/v2\/types\/product"}],"replies":[{"embeddable":true,"href":"https:\/\/www.avmbianco.com.br\/site\/wp-json\/wp\/v2\/comments?post=13225"}],"wp:featuredmedia":[{"embeddable":true,"href":"https:\/\/www.avmbianco.com.br\/site\/wp-json\/wp\/v2\/media\/13231"}],"wp:attachment":[{"href":"https:\/\/www.avmbianco.com.br\/site\/wp-json\/wp\/v2\/media?parent=13225"}],"wp:term":[{"taxonomy":"product_brand","embeddable":true,"href":"https:\/\/www.avmbianco.com.br\/site\/wp-json\/wp\/v2\/product_brand?post=13225"},{"taxonomy":"product_cat","embeddable":true,"href":"https:\/\/www.avmbianco.com.br\/site\/wp-json\/wp\/v2\/product_cat?post=13225"},{"taxonomy":"product_tag","embeddable":true,"href":"https:\/\/www.avmbianco.com.br\/site\/wp-json\/wp\/v2\/product_tag?post=13225"}],"curies":[{"name":"wp","href":"https:\/\/api.w.org\/{rel}","templated":true}]}}