{"id":13250,"date":"2021-10-27T15:12:07","date_gmt":"2021-10-27T18:12:07","guid":{"rendered":"https:\/\/www.avmbianco.com.br\/site\/?post_type=product&#038;p=13250"},"modified":"2025-06-04T15:37:51","modified_gmt":"2025-06-04T18:37:51","slug":"vies-debrum-casal-100mm","status":"publish","type":"product","link":"https:\/\/www.avmbianco.com.br\/site\/produto\/vies-debrum-casal-100mm\/","title":{"rendered":"Vi\u00e9s Debrum"},"content":{"rendered":"","protected":false},"excerpt":{"rendered":"<p>Debrum Casal e Solteiro<\/p>\n<p>Tira de tecido para acabamento feito entre duas costuras, que serve como refor\u00e7o da mesma, sobretudo quando o tecido n\u00e3o \u00e9 muito forte.<\/p>\n<p>Embalagem: Pe\u00e7a com 8,50m<\/p>\n<p>Fabricante: Fitex<\/p>\n<p>Composi\u00e7\u00e3o: 100% Poli\u00e9ster<\/p>\n","protected":false},"featured_media":13255,"comment_status":"open","ping_status":"closed","template":"","meta":[],"product_brand":[],"product_cat":[43,20],"product_tag":[],"class_list":{"0":"post-13250","1":"product","2":"type-product","3":"status-publish","4":"has-post-thumbnail","6":"product_cat-fitas","7":"product_cat-vies","8":"pa_largura-100-mm","9":"pa_largura-80-mm","11":"first","12":"instock","13":"taxable","14":"shipping-taxable","15":"purchasable","16":"product-type-variable"},"_links":{"self":[{"href":"https:\/\/www.avmbianco.com.br\/site\/wp-json\/wp\/v2\/product\/13250","targetHints":{"allow":["GET"]}}],"collection":[{"href":"https:\/\/www.avmbianco.com.br\/site\/wp-json\/wp\/v2\/product"}],"about":[{"href":"https:\/\/www.avmbianco.com.br\/site\/wp-json\/wp\/v2\/types\/product"}],"replies":[{"embeddable":true,"href":"https:\/\/www.avmbianco.com.br\/site\/wp-json\/wp\/v2\/comments?post=13250"}],"wp:featuredmedia":[{"embeddable":true,"href":"https:\/\/www.avmbianco.com.br\/site\/wp-json\/wp\/v2\/media\/13255"}],"wp:attachment":[{"href":"https:\/\/www.avmbianco.com.br\/site\/wp-json\/wp\/v2\/media?parent=13250"}],"wp:term":[{"taxonomy":"product_brand","embeddable":true,"href":"https:\/\/www.avmbianco.com.br\/site\/wp-json\/wp\/v2\/product_brand?post=13250"},{"taxonomy":"product_cat","embeddable":true,"href":"https:\/\/www.avmbianco.com.br\/site\/wp-json\/wp\/v2\/product_cat?post=13250"},{"taxonomy":"product_tag","embeddable":true,"href":"https:\/\/www.avmbianco.com.br\/site\/wp-json\/wp\/v2\/product_tag?post=13250"}],"curies":[{"name":"wp","href":"https:\/\/api.w.org\/{rel}","templated":true}]}}